{"id":798,"date":"2022-08-25T13:41:58","date_gmt":"2022-08-25T11:41:58","guid":{"rendered":"https:\/\/muca.eu\/?page_id=798"},"modified":"2023-01-18T15:06:15","modified_gmt":"2023-01-18T14:06:15","slug":"imprint","status":"publish","type":"page","link":"https:\/\/www.muca.eu\/en\/imprint\/","title":{"rendered":"Imprint"},"content":{"rendered":"\n<h3 class=\"wp-block-heading\">Anschrift<\/h3>\n\n\n\n<p><strong>Museum of Urban and Contemporary Art (MUCA)<\/strong><\/p>\n\n\n\n<p>Urban Art Organization GmbH<br>Hotterstr. 12<br>80331 M\u00fcnchen<\/p>\n\n\n\n<p>info(at)muca.eu<br>www.muca.eu<\/p>\n\n\n\n<p>Vertretungsberechtigt: Christian Utz<br>Registergericht M\u00fcnchen<br>Registernummer: HRB 152 603<br>Umsatzsteuer-Identifikationsnummer gem\u00e4\u00df \u00a7 27 a Umsatzsteuergesetz: DE 235527185<\/p>\n\n\n\n<h4 class=\"wp-block-heading\">Technische Umsetzung:<\/h4>\n\n\n\n<p>theCASE GmbH &amp; Co. KG<br>Agricolastra\u00dfe 67<br>09112 Chemnitz<\/p>\n\n\n\n<p>E-Mail: info\u00a0<em>at\u00a0<\/em>thecase.digital<br>Website: <a href=\"http:\/\/www.thecase.digital\">www.thecase.digital<\/a><\/p>\n\n\n\n<h1 class=\"wp-block-heading\">Impressum<\/h1>\n\n\n\n<hr class=\"wp-block-separator has-alpha-channel-opacity\"\/>\n\n\n\n<h3 class=\"wp-block-heading\">Rechtliche Hinweise<\/h3>\n\n\n\n<h4 class=\"wp-block-heading\">Copyright<\/h4>\n\n\n\n<p>[copyright], M\u00fcnchen, Deutschland. Alle Rechte vorbehalten. Text, Bilder, Grafiken sowie deren Anordnung auf der www.muca.eu Website unterliegen dem Schutz des Urheberrechts und anderer Schutzgesetze. Der Inhalt dieser Website darf nicht zu kommerziellen Zwecken kopiert, verbreitet, ver\u00e4ndert oder Dritten zug\u00e4nglich gemacht werden.<\/p>\n\n\n\n<h4 class=\"wp-block-heading\">Markenzeichen<\/h4>\n\n\n\n<p>Soweit nicht anders angegeben, sind alle Markenzeichen markenrechtlich gesch\u00fctzt. Dies gilt insbesondere f\u00fcr Marken, Firmenlogos und Embleme.<\/p>\n\n\n\n<h4 class=\"wp-block-heading\">Haftung<\/h4>\n\n\n\n<p>Diese Website wurde mit der gr\u00f6\u00dftm\u00f6glichen Sorgfalt zusammengestellt. Trotzdem kann die Fehlerfreiheit und Genauigkeit der enthaltenen Informationen nicht garantiert werden. Jegliche Haftung f\u00fcr Sch\u00e4den, die direkt oder indirekt aus der Benutzung dieser Website entstehen, wird ausgeschlossen, soweit diese nicht auf Vorsatz oder grober Fahrl\u00e4ssigkeit beruhen.<\/p>\n\n\n\n<h4 class=\"wp-block-heading\">Links<\/h4>\n\n\n\n<p>www.muca.eu \u00fcbernimmt keine Haftung oder Garantie, f\u00fcr den Inhalt von Internetseiten, auf die unsere Website direkt oder indirekt verweist. Besucher folgen Verbindungen zu anderen Websites und Homepages auf eigene Gefahr und benutzen sie gem\u00e4\u00df den jeweils geltenden Nutzungsbedingungen der entsprechenden Websites.<\/p>\n\n\n\n<h4 class=\"wp-block-heading\">Lizenz<\/h4>\n\n\n\n<p>Das in der Website enthaltene geistige Eigentum wie Patente, Marken und Urheberrechte ist gesch\u00fctzt. Durch diese Website wird keine Lizenz zur Nutzung des geistigen Eigentums von www.muca.eu oder Dritter erteilt.<\/p>\n","protected":false},"excerpt":{"rendered":"<p>Anschrift Museum of Urban and Contemporary Art (MUCA) Urban Art Organization GmbHHotterstr. 1280331 M\u00fcnchen info(at)muca.euwww.muca.eu Vertretungsberechtigt: Christian UtzRegistergericht M\u00fcnchenRegisternummer: HRB 152 603Umsatzsteuer-Identifikationsnummer gem\u00e4\u00df \u00a7 27 a Umsatzsteuergesetz: DE 235527185 Technische Umsetzung: theCASE GmbH &amp; Co. KGAgricolastra\u00dfe 6709112 Chemnitz E-Mail: info\u00a0at\u00a0thecase.digitalWebsite: www.thecase.digital Impressum Rechtliche Hinweise Copyright [copyright], M\u00fcnchen, Deutschland. Alle Rechte vorbehalten. Text, Bilder, Grafiken sowie [&hellip;]<\/p>\n","protected":false},"author":1,"featured_media":0,"parent":0,"menu_order":0,"comment_status":"closed","ping_status":"closed","template":"","meta":{"_acf_changed":false,"inline_featured_image":false,"footnotes":""},"class_list":["post-798","page","type-page","status-publish","hentry"],"acf":[],"yoast_head":"<!-- This site is optimized with the Yoast SEO plugin v27.3 - https:\/\/yoast.com\/product\/yoast-seo-wordpress\/ -->\n<title>Imprint &#187; MUCA<\/title>\n<meta name=\"robots\" content=\"noindex, follow\" \/>\n<meta property=\"og:locale\" content=\"en_GB\" \/>\n<meta property=\"og:type\" content=\"article\" \/>\n<meta property=\"og:title\" content=\"Imprint &#187; MUCA\" \/>\n<meta property=\"og:description\" content=\"Anschrift Museum of Urban and Contemporary Art (MUCA) Urban Art Organization GmbHHotterstr. 1280331 M\u00fcnchen info(at)muca.euwww.muca.eu Vertretungsberechtigt: Christian UtzRegistergericht M\u00fcnchenRegisternummer: HRB 152 603Umsatzsteuer-Identifikationsnummer gem\u00e4\u00df \u00a7 27 a Umsatzsteuergesetz: DE 235527185 Technische Umsetzung: theCASE GmbH &amp; Co. KGAgricolastra\u00dfe 6709112 Chemnitz E-Mail: info\u00a0at\u00a0thecase.digitalWebsite: www.thecase.digital Impressum Rechtliche Hinweise Copyright [copyright], M\u00fcnchen, Deutschland. Alle Rechte vorbehalten. Text, Bilder, Grafiken sowie [&hellip;]\" \/>\n<meta property=\"og:url\" content=\"https:\/\/www.muca.eu\/en\/imprint\/\" \/>\n<meta property=\"og:site_name\" content=\"MUCA\" \/>\n<meta property=\"article:modified_time\" content=\"2023-01-18T14:06:15+00:00\" \/>\n<meta name=\"twitter:card\" content=\"summary_large_image\" \/>\n<meta name=\"twitter:label1\" content=\"Estimated reading time\" \/>\n\t<meta name=\"twitter:data1\" content=\"2 minutes\" \/>\n<script type=\"application\/ld+json\" class=\"yoast-schema-graph\">{\"@context\":\"https:\\\/\\\/schema.org\",\"@graph\":[{\"@type\":\"WebPage\",\"@id\":\"https:\\\/\\\/www.muca.eu\\\/imprint\\\/\",\"url\":\"https:\\\/\\\/www.muca.eu\\\/imprint\\\/\",\"name\":\"Imprint &#187; MUCA\",\"isPartOf\":{\"@id\":\"https:\\\/\\\/www.muca.eu\\\/#website\"},\"datePublished\":\"2022-08-25T11:41:58+00:00\",\"dateModified\":\"2023-01-18T14:06:15+00:00\",\"breadcrumb\":{\"@id\":\"https:\\\/\\\/www.muca.eu\\\/imprint\\\/#breadcrumb\"},\"inLanguage\":\"en-GB\",\"potentialAction\":[{\"@type\":\"ReadAction\",\"target\":[\"https:\\\/\\\/www.muca.eu\\\/imprint\\\/\"]}]},{\"@type\":\"BreadcrumbList\",\"@id\":\"https:\\\/\\\/www.muca.eu\\\/imprint\\\/#breadcrumb\",\"itemListElement\":[{\"@type\":\"ListItem\",\"position\":1,\"name\":\"Home\",\"item\":\"https:\\\/\\\/www.muca.eu\\\/\"},{\"@type\":\"ListItem\",\"position\":2,\"name\":\"Imprint\"}]},{\"@type\":\"WebSite\",\"@id\":\"https:\\\/\\\/www.muca.eu\\\/#website\",\"url\":\"https:\\\/\\\/www.muca.eu\\\/\",\"name\":\"MUCA\",\"description\":\"Museum of Urban and Contemporary Art\",\"publisher\":{\"@id\":\"https:\\\/\\\/www.muca.eu\\\/#organization\"},\"potentialAction\":[{\"@type\":\"SearchAction\",\"target\":{\"@type\":\"EntryPoint\",\"urlTemplate\":\"https:\\\/\\\/www.muca.eu\\\/?s={search_term_string}\"},\"query-input\":{\"@type\":\"PropertyValueSpecification\",\"valueRequired\":true,\"valueName\":\"search_term_string\"}}],\"inLanguage\":\"en-GB\"},{\"@type\":\"Organization\",\"@id\":\"https:\\\/\\\/www.muca.eu\\\/#organization\",\"name\":\"MUCA\",\"url\":\"https:\\\/\\\/www.muca.eu\\\/\",\"logo\":{\"@type\":\"ImageObject\",\"inLanguage\":\"en-GB\",\"@id\":\"https:\\\/\\\/www.muca.eu\\\/#\\\/schema\\\/logo\\\/image\\\/\",\"url\":\"https:\\\/\\\/www.muca.eu\\\/wp-content\\\/uploads\\\/2022\\\/08\\\/logo_website1.png\",\"contentUrl\":\"https:\\\/\\\/www.muca.eu\\\/wp-content\\\/uploads\\\/2022\\\/08\\\/logo_website1.png\",\"width\":575,\"height\":160,\"caption\":\"MUCA\"},\"image\":{\"@id\":\"https:\\\/\\\/www.muca.eu\\\/#\\\/schema\\\/logo\\\/image\\\/\"}}]}<\/script>\n<!-- \/ Yoast SEO plugin. -->","yoast_head_json":{"title":"Imprint \" MUCA","robots":{"index":"noindex","follow":"follow"},"og_locale":"en_GB","og_type":"article","og_title":"Imprint &#187; MUCA","og_description":"Anschrift Museum of Urban and Contemporary Art (MUCA) Urban Art Organization GmbHHotterstr. 1280331 M\u00fcnchen info(at)muca.euwww.muca.eu Vertretungsberechtigt: Christian UtzRegistergericht M\u00fcnchenRegisternummer: HRB 152 603Umsatzsteuer-Identifikationsnummer gem\u00e4\u00df \u00a7 27 a Umsatzsteuergesetz: DE 235527185 Technische Umsetzung: theCASE GmbH &amp; Co. KGAgricolastra\u00dfe 6709112 Chemnitz E-Mail: info\u00a0at\u00a0thecase.digitalWebsite: www.thecase.digital Impressum Rechtliche Hinweise Copyright [copyright], M\u00fcnchen, Deutschland. Alle Rechte vorbehalten. Text, Bilder, Grafiken sowie [&hellip;]","og_url":"https:\/\/www.muca.eu\/en\/imprint\/","og_site_name":"MUCA","article_modified_time":"2023-01-18T14:06:15+00:00","twitter_card":"summary_large_image","twitter_misc":{"Estimated reading time":"2 minutes"},"schema":{"@context":"https:\/\/schema.org","@graph":[{"@type":"WebPage","@id":"https:\/\/www.muca.eu\/imprint\/","url":"https:\/\/www.muca.eu\/imprint\/","name":"Imprint \" MUCA","isPartOf":{"@id":"https:\/\/www.muca.eu\/#website"},"datePublished":"2022-08-25T11:41:58+00:00","dateModified":"2023-01-18T14:06:15+00:00","breadcrumb":{"@id":"https:\/\/www.muca.eu\/imprint\/#breadcrumb"},"inLanguage":"en-GB","potentialAction":[{"@type":"ReadAction","target":["https:\/\/www.muca.eu\/imprint\/"]}]},{"@type":"BreadcrumbList","@id":"https:\/\/www.muca.eu\/imprint\/#breadcrumb","itemListElement":[{"@type":"ListItem","position":1,"name":"Home","item":"https:\/\/www.muca.eu\/"},{"@type":"ListItem","position":2,"name":"Imprint"}]},{"@type":"WebSite","@id":"https:\/\/www.muca.eu\/#website","url":"https:\/\/www.muca.eu\/","name":"MUCA","description":"Museum of Urban and Contemporary Art","publisher":{"@id":"https:\/\/www.muca.eu\/#organization"},"potentialAction":[{"@type":"SearchAction","target":{"@type":"EntryPoint","urlTemplate":"https:\/\/www.muca.eu\/?s={search_term_string}"},"query-input":{"@type":"PropertyValueSpecification","valueRequired":true,"valueName":"search_term_string"}}],"inLanguage":"en-GB"},{"@type":"Organization","@id":"https:\/\/www.muca.eu\/#organization","name":"MUCA","url":"https:\/\/www.muca.eu\/","logo":{"@type":"ImageObject","inLanguage":"en-GB","@id":"https:\/\/www.muca.eu\/#\/schema\/logo\/image\/","url":"https:\/\/www.muca.eu\/wp-content\/uploads\/2022\/08\/logo_website1.png","contentUrl":"https:\/\/www.muca.eu\/wp-content\/uploads\/2022\/08\/logo_website1.png","width":575,"height":160,"caption":"MUCA"},"image":{"@id":"https:\/\/www.muca.eu\/#\/schema\/logo\/image\/"}}]}},"_links":{"self":[{"href":"https:\/\/www.muca.eu\/en\/wp-json\/wp\/v2\/pages\/798","targetHints":{"allow":["GET"]}}],"collection":[{"href":"https:\/\/www.muca.eu\/en\/wp-json\/wp\/v2\/pages"}],"about":[{"href":"https:\/\/www.muca.eu\/en\/wp-json\/wp\/v2\/types\/page"}],"author":[{"embeddable":true,"href":"https:\/\/www.muca.eu\/en\/wp-json\/wp\/v2\/users\/1"}],"replies":[{"embeddable":true,"href":"https:\/\/www.muca.eu\/en\/wp-json\/wp\/v2\/comments?post=798"}],"version-history":[{"count":3,"href":"https:\/\/www.muca.eu\/en\/wp-json\/wp\/v2\/pages\/798\/revisions"}],"predecessor-version":[{"id":2905,"href":"https:\/\/www.muca.eu\/en\/wp-json\/wp\/v2\/pages\/798\/revisions\/2905"}],"wp:attachment":[{"href":"https:\/\/www.muca.eu\/en\/wp-json\/wp\/v2\/media?parent=798"}],"curies":[{"name":"wp","href":"https:\/\/api.w.org\/{rel}","templated":true}]}}