{"id":6235,"date":"2024-02-06T13:56:36","date_gmt":"2024-02-06T12:56:36","guid":{"rendered":"https:\/\/www.muca.eu\/?page_id=6235"},"modified":"2024-11-25T09:54:28","modified_gmt":"2024-11-25T08:54:28","slug":"damien-hirst-spin-paintings","status":"publish","type":"page","link":"https:\/\/www.muca.eu\/en\/damien-hirst-spin-paintings\/","title":{"rendered":"Damien Hirst - Spin Paintings"},"content":{"rendered":"\t\t<div data-elementor-type=\"wp-page\" data-elementor-id=\"6235\" class=\"elementor elementor-6235\" data-elementor-post-type=\"page\">\n\t\t\t\t\t\t<section class=\"elementor-section elementor-top-section elementor-element elementor-element-3376b85 elementor-section-height-min-height elementor-section-boxed elementor-section-height-default elementor-section-items-middle\" data-id=\"3376b85\" data-element_type=\"section\" data-e-type=\"section\">\n\t\t\t\t\t\t<div class=\"elementor-container elementor-column-gap-no\">\n\t\t\t\t\t<div class=\"elementor-column elementor-col-100 elementor-top-column elementor-element elementor-element-cd77dc6\" data-id=\"cd77dc6\" data-element_type=\"column\" data-e-type=\"column\">\n\t\t\t<div class=\"elementor-widget-wrap elementor-element-populated\">\n\t\t\t\t\t\t<div class=\"elementor-element elementor-element-6b4f126 elementor-widget elementor-widget-image\" data-id=\"6b4f126\" data-element_type=\"widget\" data-e-type=\"widget\" data-widget_type=\"image.default\">\n\t\t\t\t<div class=\"elementor-widget-container\">\n\t\t\t\t\t\t\t\t\t\t\t\t<figure class=\"wp-caption\">\n\t\t\t\t\t\t\t\t\t\t<img fetchpriority=\"high\" decoding=\"async\" width=\"800\" height=\"450\" src=\"https:\/\/www.muca.eu\/wp-content\/uploads\/2023\/09\/hirst_bg-1-1024x576.png\" class=\"attachment-large size-large wp-image-4844\" alt=\"Spin Painting von Damien Hirst aus der Spin Paintings Serie zu sehen in der &quot;The Weight of Things&quot;-Ausstellung im MUCA M\u00fcnchen\" srcset=\"https:\/\/www.muca.eu\/wp-content\/uploads\/2023\/09\/hirst_bg-1-1024x576.png 1024w, https:\/\/www.muca.eu\/wp-content\/uploads\/2023\/09\/hirst_bg-1-300x169.png 300w, https:\/\/www.muca.eu\/wp-content\/uploads\/2023\/09\/hirst_bg-1-768x432.png 768w, https:\/\/www.muca.eu\/wp-content\/uploads\/2023\/09\/hirst_bg-1-1536x864.png 1536w, https:\/\/www.muca.eu\/wp-content\/uploads\/2023\/09\/hirst_bg-1-18x10.png 18w, https:\/\/www.muca.eu\/wp-content\/uploads\/2023\/09\/hirst_bg-1.png 1920w\" sizes=\"(max-width: 800px) 100vw, 800px\" \/>\t\t\t\t\t\t\t\t\t\t\t<figcaption class=\"widget-image-caption wp-caption-text\">\u00a9 Damien Hirst and Science Ltd. All rights reserved \/ VG Bild-Kunst, Bonn 2023<\/figcaption>\n\t\t\t\t\t\t\t\t\t\t<\/figure>\n\t\t\t\t\t\t\t\t\t<\/div>\n\t\t\t\t<\/div>\n\t\t\t\t<div class=\"elementor-element elementor-element-842e6e3 elementor-widget elementor-widget-heading\" data-id=\"842e6e3\" data-element_type=\"widget\" data-e-type=\"widget\" data-widget_type=\"heading.default\">\n\t\t\t\t<div class=\"elementor-widget-container\">\n\t\t\t\t\t<h1 class=\"elementor-heading-title elementor-size-default\">DAMIEN HIRST<br> \n<small>\u201eBeautiful, Dogshit, Diarrhea, Pizza, Vomit with Love and Trust Painting \u201c (2021) \n<br>aus der \u201eSpin Paintings\u201c-Serie<\/small><\/h1>\t\t\t\t<\/div>\n\t\t\t\t<\/div>\n\t\t\t\t<div class=\"elementor-element elementor-element-2637fb3 elementor-widget elementor-widget-heading\" data-id=\"2637fb3\" data-element_type=\"widget\" data-e-type=\"widget\" data-widget_type=\"heading.default\">\n\t\t\t\t<div class=\"elementor-widget-container\">\n\t\t\t\t\t<h2 class=\"elementor-heading-title elementor-size-default\">In der MUCA M\u00fcnchen Ausstellung\n <br>\n<strong>Damien Hirst \u2013 The Weight of Things<\/strong><br><\/h2>\t\t\t\t<\/div>\n\t\t\t\t<\/div>\n\t\t\t\t\t<\/div>\n\t\t<\/div>\n\t\t\t\t\t<\/div>\n\t\t<\/section>\n\t\t\t\t<section class=\"elementor-section elementor-top-section elementor-element elementor-element-160e75d elementor-section-boxed elementor-section-height-default elementor-section-height-default\" data-id=\"160e75d\" data-element_type=\"section\" data-e-type=\"section\">\n\t\t\t\t\t\t<div class=\"elementor-container elementor-column-gap-wider\">\n\t\t\t\t\t<div class=\"elementor-column elementor-col-100 elementor-top-column elementor-element elementor-element-f4ada78\" data-id=\"f4ada78\" data-element_type=\"column\" data-e-type=\"column\">\n\t\t\t<div class=\"elementor-widget-wrap elementor-element-populated\">\n\t\t\t\t\t\t<div class=\"elementor-element elementor-element-0f0ea9b elementor-widget elementor-widget-text-editor\" data-id=\"0f0ea9b\" data-element_type=\"widget\" data-e-type=\"widget\" data-widget_type=\"text-editor.default\">\n\t\t\t\t<div class=\"elementor-widget-container\">\n\t\t\t\t\t\t\t\t\t<p class=\"p1\"><strong>In der gro\u00dfen Damien Hirst Solo-Show \u201eThe Weight of Things\u201c vom 26. Oktober 2023 bis einschlie\u00dflich 24.November 2024 in den MUCA Halls waren insgesamt sieben Werke aus seiner \u201eSpin Paintings\u201c- Serie zu sehen. F\u00fcr diese Serie entwickelte Hirst eigens einen Apparat, der mittels Zentripetalkraft Farbe auf kreisf\u00f6rmiger Leinwand verteilt. Entlang der gro\u00dfen Wand im Erdgeschoss des MUCA hatten diese farbenreichen, gro\u00dfformatigen Leinw\u00e4nde einen exponierten Ort in der Gesamtausstellung gefunden. Neben ihrer Dimension faszinierte ihre mechanische Rotation die Betrachter*innen bereits beim Betreten der Ausstellungshalle.<\/strong><\/p>\t\t\t\t\t\t\t\t<\/div>\n\t\t\t\t<\/div>\n\t\t\t\t<div class=\"elementor-element elementor-element-9053f70 elementor-blockquote--skin-boxed elementor-widget elementor-widget-blockquote\" data-id=\"9053f70\" data-element_type=\"widget\" data-e-type=\"widget\" data-widget_type=\"blockquote.default\">\n\t\t\t\t<div class=\"elementor-widget-container\">\n\t\t\t\t\t\t\t<blockquote class=\"elementor-blockquote\">\n\t\t\t<p class=\"elementor-blockquote__content\">\n\t\t\t\t\u201eDie Bewegung impliziert gewisserma\u00dfen Leben: In dem Moment, in dem sie aufh\u00f6ren, beginnen sie zu verrotten und zu stinken.\u201c\t\t\t<\/p>\n\t\t\t\t\t\t\t<div class=\"e-q-footer\">\n\t\t\t\t\t\t\t\t\t\t\t<cite class=\"elementor-blockquote__author\">Damien Hirst \u00fcber seine \u201eSpin Paintings\u201c<\/cite>\n\t\t\t\t\t\t\t\t\t\t\t\t\t\t<\/div>\n\t\t\t\t\t<\/blockquote>\n\t\t\t\t\t\t<\/div>\n\t\t\t\t<\/div>\n\t\t\t\t<div class=\"elementor-element elementor-element-5db862a elementor-widget elementor-widget-text-editor\" data-id=\"5db862a\" data-element_type=\"widget\" data-e-type=\"widget\" data-widget_type=\"text-editor.default\">\n\t\t\t\t<div class=\"elementor-widget-container\">\n\t\t\t\t\t\t\t\t\t<p class=\"p1\">Damien Hirst beginnt f\u00fcr seine Serie der \u201eSpin Paintings\u201c ab 1992 zu experimentieren. Seinen Spin-Apparat entwickelt er zwei Jahre sp\u00e4ter w\u00e4hrend eines Stipendiums in Berlin. Hierzu nutzt Hirst die Zentripetalkraft, um die Farbe auf kreisf\u00f6rmigen Leinw\u00e4nden zu verteilen. Das Endergebnis h\u00e4ngt dabei von der Geschwindigkeit, der Dauer der Rotation, der Flie\u00dff\u00e4higkeit der Farbe und der Farbauswahl ab.<\/p><p>&#8222;Ich mache sie wirklich gerne. Und ich mag die Maschine, und ich mag die Bewegung sehr. Jedes Mal, wenn sie fertig sind, will ich unbedingt noch eines machen. [Sie sind] kindisch&#8230; im positiven Sinne des Wortes\u201c, so Hirst.<\/p><p>Die zuf\u00e4llige Kompositionstechnik dieser Spin Paintings steht im Gegensatz zu den Spot Paintings von Hirst, aber beide sind Variationen der Idee einer imagin\u00e4ren mechanischen Malerei.<\/p>\t\t\t\t\t\t\t\t<\/div>\n\t\t\t\t<\/div>\n\t\t\t\t<div class=\"elementor-element elementor-element-9ff5272 elementor-widget elementor-widget-heading\" data-id=\"9ff5272\" data-element_type=\"widget\" data-e-type=\"widget\" data-widget_type=\"heading.default\">\n\t\t\t\t<div class=\"elementor-widget-container\">\n\t\t\t\t\t<h2 class=\"elementor-heading-title elementor-size-default\">DER GEGENSATZ VON SPOT ZU SPIN PAINTING BEI DAMIEN HIRST<\/h2>\t\t\t\t<\/div>\n\t\t\t\t<\/div>\n\t\t\t\t<div class=\"elementor-element elementor-element-66e30c1 elementor-widget elementor-widget-image\" data-id=\"66e30c1\" data-element_type=\"widget\" data-e-type=\"widget\" data-widget_type=\"image.default\">\n\t\t\t\t<div class=\"elementor-widget-container\">\n\t\t\t\t\t\t\t\t\t\t\t\t<figure class=\"wp-caption\">\n\t\t\t\t\t\t\t\t\t\t\t<a href=\"https:\/\/www.muca.eu\/wp-content\/uploads\/2024\/02\/hirst_spin_paintings_Installation-view-29-scaled.jpg\" data-elementor-open-lightbox=\"yes\" data-elementor-lightbox-title=\"Damien Hirsts Spin Paintings im MUCA Museum M\u00fcnchen\" data-e-action-hash=\"#elementor-action%3Aaction%3Dlightbox%26settings%3DeyJpZCI6NjIzNywidXJsIjoiaHR0cHM6XC9cL3d3dy5tdWNhLmV1XC93cC1jb250ZW50XC91cGxvYWRzXC8yMDI0XC8wMlwvaGlyc3Rfc3Bpbl9wYWludGluZ3NfSW5zdGFsbGF0aW9uLXZpZXctMjktc2NhbGVkLmpwZyJ9\">\n\t\t\t\t\t\t\t<img decoding=\"async\" width=\"800\" height=\"591\" src=\"https:\/\/www.muca.eu\/wp-content\/uploads\/2024\/02\/hirst_spin_paintings_Installation-view-29-1024x756.jpg\" class=\"attachment-large size-large wp-image-6237\" alt=\"Damien Hirsts Spin Paintings im MUCA Museum M\u00fcnchen\" srcset=\"https:\/\/www.muca.eu\/wp-content\/uploads\/2024\/02\/hirst_spin_paintings_Installation-view-29-1024x756.jpg 1024w, https:\/\/www.muca.eu\/wp-content\/uploads\/2024\/02\/hirst_spin_paintings_Installation-view-29-300x221.jpg 300w, https:\/\/www.muca.eu\/wp-content\/uploads\/2024\/02\/hirst_spin_paintings_Installation-view-29-768x567.jpg 768w, https:\/\/www.muca.eu\/wp-content\/uploads\/2024\/02\/hirst_spin_paintings_Installation-view-29-1536x1134.jpg 1536w, https:\/\/www.muca.eu\/wp-content\/uploads\/2024\/02\/hirst_spin_paintings_Installation-view-29-2048x1512.jpg 2048w, https:\/\/www.muca.eu\/wp-content\/uploads\/2024\/02\/hirst_spin_paintings_Installation-view-29-16x12.jpg 16w\" sizes=\"(max-width: 800px) 100vw, 800px\" \/>\t\t\t\t\t\t\t\t<\/a>\n\t\t\t\t\t\t\t\t\t\t\t<figcaption class=\"widget-image-caption wp-caption-text\">Photographed by Prudence Cuming Associates Ltd.   \u00a9 Damien Hirst and Science Ltd. All rights reserved, DACS\/Artimage 2023.  <\/figcaption>\n\t\t\t\t\t\t\t\t\t\t<\/figure>\n\t\t\t\t\t\t\t\t\t<\/div>\n\t\t\t\t<\/div>\n\t\t\t\t<div class=\"elementor-element elementor-element-5dbd303 elementor-widget elementor-widget-text-editor\" data-id=\"5dbd303\" data-element_type=\"widget\" data-e-type=\"widget\" data-widget_type=\"text-editor.default\">\n\t\t\t\t<div class=\"elementor-widget-container\">\n\t\t\t\t\t\t\t\t\t<p>Hirsts Spot Paintings bestehen aus Punkten einheitlicher Gr\u00f6\u00dfe, aber in unterschiedlichen Farben, angeordnet nach einem strengen geometrischen Raster. Mit dieser Serie begann Damien Hirst bereits w\u00e4hrend seiner Studienzeit und setzte sich rund 20 Jahre damit auseinander. Im Laufe der Jahre verfeinerte er den sch\u00f6pferischen Prozess und entfernte nach und nach jede Spur menschlicher Intervention, bis die Werke wie von einer Maschine gemalt worden zu sein schienen. Die Titel der Bilder wurden zuf\u00e4llig aus einem Katalog eines Pharmaunternehmens ausgesucht.<\/p><p>Die Spin Paintings tragen alle lange Titel, die mit \u201eBeautiful\u201c beginnen und mit \u201ePainting\u201c enden.<\/p><p>Au\u00dferdem zeichnen sie sich durch ihre leuchtenden Farben aus.<\/p><p>Im MUCA waren beispielsweise Spin Paintings mit folgenden Titeln ausgestellt:<\/p><ul><li>Beautiful Acid Colour Fading Fabulous Explosive Extravagance Deep Purple Mucus with Green and Yellows Personality Moon Painting<\/li><li>Beautiful Sunburst Tequila Sunrise Sunshine Sunset Sundries Green Lines Purple and Pink Optimism and Celebration Painting<\/li><\/ul>\t\t\t\t\t\t\t\t<\/div>\n\t\t\t\t<\/div>\n\t\t\t\t<div class=\"elementor-element elementor-element-5e84053 elementor-widget elementor-widget-text-editor\" data-id=\"5e84053\" data-element_type=\"widget\" data-e-type=\"widget\" data-widget_type=\"text-editor.default\">\n\t\t\t\t<div class=\"elementor-widget-container\">\n\t\t\t\t\t\t\t\t\t<p>2020 kooperierte Damien Hirst mit dem Messenger-Dienst Snapchat. So k\u00f6nnen Nutzer*innen ihre eigenen Spin Paintings virtuell erstellen und teilen.<\/p>\t\t\t\t\t\t\t\t<\/div>\n\t\t\t\t<\/div>\n\t\t\t\t<div class=\"elementor-element elementor-element-56c3a9c elementor-widget elementor-widget-image\" data-id=\"56c3a9c\" data-element_type=\"widget\" data-e-type=\"widget\" data-widget_type=\"image.default\">\n\t\t\t\t<div class=\"elementor-widget-container\">\n\t\t\t\t\t\t\t\t\t\t\t\t<figure class=\"wp-caption\">\n\t\t\t\t\t\t\t\t\t\t\t<a href=\"https:\/\/www.muca.eu\/wp-content\/uploads\/2024\/02\/hirst_spin_paintings_Installation-view-25-scaled.jpg\" data-elementor-open-lightbox=\"yes\" data-elementor-lightbox-title=\"Damien Hirsts Spin Paintings im MUCA Museum M\u00fcnchen\" data-e-action-hash=\"#elementor-action%3Aaction%3Dlightbox%26settings%3DeyJpZCI6NjIzOCwidXJsIjoiaHR0cHM6XC9cL3d3dy5tdWNhLmV1XC93cC1jb250ZW50XC91cGxvYWRzXC8yMDI0XC8wMlwvaGlyc3Rfc3Bpbl9wYWludGluZ3NfSW5zdGFsbGF0aW9uLXZpZXctMjUtc2NhbGVkLmpwZyJ9\">\n\t\t\t\t\t\t\t<img decoding=\"async\" width=\"800\" height=\"930\" src=\"https:\/\/www.muca.eu\/wp-content\/uploads\/2024\/02\/hirst_spin_paintings_Installation-view-25-881x1024.jpg\" class=\"attachment-large size-large wp-image-6238\" alt=\"Damien Hirsts Spin Paintings im MUCA Museum M\u00fcnchen\" srcset=\"https:\/\/www.muca.eu\/wp-content\/uploads\/2024\/02\/hirst_spin_paintings_Installation-view-25-881x1024.jpg 881w, https:\/\/www.muca.eu\/wp-content\/uploads\/2024\/02\/hirst_spin_paintings_Installation-view-25-258x300.jpg 258w, https:\/\/www.muca.eu\/wp-content\/uploads\/2024\/02\/hirst_spin_paintings_Installation-view-25-768x892.jpg 768w, https:\/\/www.muca.eu\/wp-content\/uploads\/2024\/02\/hirst_spin_paintings_Installation-view-25-1322x1536.jpg 1322w, https:\/\/www.muca.eu\/wp-content\/uploads\/2024\/02\/hirst_spin_paintings_Installation-view-25-1763x2048.jpg 1763w, https:\/\/www.muca.eu\/wp-content\/uploads\/2024\/02\/hirst_spin_paintings_Installation-view-25-10x12.jpg 10w\" sizes=\"(max-width: 800px) 100vw, 800px\" \/>\t\t\t\t\t\t\t\t<\/a>\n\t\t\t\t\t\t\t\t\t\t\t<figcaption class=\"widget-image-caption wp-caption-text\">Photographed by Prudence Cuming Associates Ltd.   \u00a9 Damien Hirst and Science Ltd. All rights reserved, DACS\/Artimage 2023.  <\/figcaption>\n\t\t\t\t\t\t\t\t\t\t<\/figure>\n\t\t\t\t\t\t\t\t\t<\/div>\n\t\t\t\t<\/div>\n\t\t\t\t\t<\/div>\n\t\t<\/div>\n\t\t\t\t\t<\/div>\n\t\t<\/section>\n\t\t\t\t<\/div>\n\t\t","protected":false},"excerpt":{"rendered":"<p>DAMIEN HIRST \u201eBeautiful, Dogshit, Diarrhea, Pizza, Vomit with Love and Trust Painting \u201c (2021) aus der \u201eSpin Paintings\u201c-Serie In der MUCA M\u00fcnchen Ausstellung Damien Hirst \u2013 The Weight of Things In der gro\u00dfen Damien Hirst Solo-Show \u201eThe Weight of Things\u201c vom 26. Oktober 2023 bis einschlie\u00dflich 24.November 2024 in den MUCA Halls waren insgesamt sieben [&hellip;]<\/p>\n","protected":false},"author":1,"featured_media":4844,"parent":0,"menu_order":0,"comment_status":"closed","ping_status":"closed","template":"elementor_header_footer","meta":{"_acf_changed":false,"inline_featured_image":false,"footnotes":""},"class_list":["post-6235","page","type-page","status-publish","has-post-thumbnail","hentry"],"acf":[],"yoast_head":"<!-- This site is optimized with the Yoast SEO plugin v27.3 - https:\/\/yoast.com\/product\/yoast-seo-wordpress\/ -->\n<title>Damien Hirst - Spin Paintings &#187; MUCA<\/title>\n<meta name=\"description\" content=\"Nur von Oktober 23 bis Januar 24: Damien Hirsts Diamantensch\u00e4del &quot;For the Love of God&quot; im Bunker der MUCA Ausstellung M\u00fcnchen!\" \/>\n<meta name=\"robots\" content=\"index, follow, max-snippet:-1, max-image-preview:large, max-video-preview:-1\" \/>\n<link rel=\"canonical\" href=\"https:\/\/www.muca.eu\/en\/damien-hirst-spin-paintings\/\" \/>\n<meta property=\"og:locale\" content=\"en_GB\" \/>\n<meta property=\"og:type\" content=\"article\" \/>\n<meta property=\"og:title\" content=\"Damien Hirst - Spin Paintings &#187; MUCA\" \/>\n<meta property=\"og:description\" content=\"Nur von Oktober 23 bis Januar 24: Damien Hirsts Diamantensch\u00e4del &quot;For the Love of God&quot; im Bunker der MUCA Ausstellung M\u00fcnchen!\" \/>\n<meta property=\"og:url\" content=\"https:\/\/www.muca.eu\/en\/damien-hirst-spin-paintings\/\" \/>\n<meta property=\"og:site_name\" content=\"MUCA\" \/>\n<meta property=\"article:modified_time\" content=\"2024-11-25T08:54:28+00:00\" \/>\n<meta property=\"og:image\" content=\"https:\/\/www.muca.eu\/wp-content\/uploads\/2023\/09\/hirst_bg-1.png\" \/>\n\t<meta property=\"og:image:width\" content=\"1920\" \/>\n\t<meta property=\"og:image:height\" content=\"1080\" \/>\n\t<meta property=\"og:image:type\" content=\"image\/png\" \/>\n<meta name=\"twitter:card\" content=\"summary_large_image\" \/>\n<meta name=\"twitter:label1\" content=\"Estimated reading time\" \/>\n\t<meta name=\"twitter:data1\" content=\"4 minutes\" \/>\n<script type=\"application\/ld+json\" class=\"yoast-schema-graph\">{\"@context\":\"https:\\\/\\\/schema.org\",\"@graph\":[{\"@type\":\"WebPage\",\"@id\":\"https:\\\/\\\/www.muca.eu\\\/damien-hirst-spin-paintings\\\/\",\"url\":\"https:\\\/\\\/www.muca.eu\\\/damien-hirst-spin-paintings\\\/\",\"name\":\"Damien Hirst - Spin Paintings &#187; MUCA\",\"isPartOf\":{\"@id\":\"https:\\\/\\\/www.muca.eu\\\/#website\"},\"primaryImageOfPage\":{\"@id\":\"https:\\\/\\\/www.muca.eu\\\/damien-hirst-spin-paintings\\\/#primaryimage\"},\"image\":{\"@id\":\"https:\\\/\\\/www.muca.eu\\\/damien-hirst-spin-paintings\\\/#primaryimage\"},\"thumbnailUrl\":\"https:\\\/\\\/www.muca.eu\\\/wp-content\\\/uploads\\\/2023\\\/09\\\/hirst_bg-1.png\",\"datePublished\":\"2024-02-06T12:56:36+00:00\",\"dateModified\":\"2024-11-25T08:54:28+00:00\",\"description\":\"Nur von Oktober 23 bis Januar 24: Damien Hirsts Diamantensch\u00e4del \\\"For the Love of God\\\" im Bunker der MUCA Ausstellung M\u00fcnchen!\",\"breadcrumb\":{\"@id\":\"https:\\\/\\\/www.muca.eu\\\/damien-hirst-spin-paintings\\\/#breadcrumb\"},\"inLanguage\":\"en-GB\",\"potentialAction\":[{\"@type\":\"ReadAction\",\"target\":[\"https:\\\/\\\/www.muca.eu\\\/damien-hirst-spin-paintings\\\/\"]}]},{\"@type\":\"ImageObject\",\"inLanguage\":\"en-GB\",\"@id\":\"https:\\\/\\\/www.muca.eu\\\/damien-hirst-spin-paintings\\\/#primaryimage\",\"url\":\"https:\\\/\\\/www.muca.eu\\\/wp-content\\\/uploads\\\/2023\\\/09\\\/hirst_bg-1.png\",\"contentUrl\":\"https:\\\/\\\/www.muca.eu\\\/wp-content\\\/uploads\\\/2023\\\/09\\\/hirst_bg-1.png\",\"width\":1920,\"height\":1080,\"caption\":\"\u00a9 Damien Hirst and Science Ltd. All rights reserved \\\/ VG Bild-Kunst, Bonn 2023\"},{\"@type\":\"BreadcrumbList\",\"@id\":\"https:\\\/\\\/www.muca.eu\\\/damien-hirst-spin-paintings\\\/#breadcrumb\",\"itemListElement\":[{\"@type\":\"ListItem\",\"position\":1,\"name\":\"Home\",\"item\":\"https:\\\/\\\/www.muca.eu\\\/\"},{\"@type\":\"ListItem\",\"position\":2,\"name\":\"Damien Hirst &#8211; Spin Paintings\"}]},{\"@type\":\"WebSite\",\"@id\":\"https:\\\/\\\/www.muca.eu\\\/#website\",\"url\":\"https:\\\/\\\/www.muca.eu\\\/\",\"name\":\"MUCA\",\"description\":\"Museum of Urban and Contemporary Art\",\"publisher\":{\"@id\":\"https:\\\/\\\/www.muca.eu\\\/#organization\"},\"potentialAction\":[{\"@type\":\"SearchAction\",\"target\":{\"@type\":\"EntryPoint\",\"urlTemplate\":\"https:\\\/\\\/www.muca.eu\\\/?s={search_term_string}\"},\"query-input\":{\"@type\":\"PropertyValueSpecification\",\"valueRequired\":true,\"valueName\":\"search_term_string\"}}],\"inLanguage\":\"en-GB\"},{\"@type\":\"Organization\",\"@id\":\"https:\\\/\\\/www.muca.eu\\\/#organization\",\"name\":\"MUCA\",\"url\":\"https:\\\/\\\/www.muca.eu\\\/\",\"logo\":{\"@type\":\"ImageObject\",\"inLanguage\":\"en-GB\",\"@id\":\"https:\\\/\\\/www.muca.eu\\\/#\\\/schema\\\/logo\\\/image\\\/\",\"url\":\"https:\\\/\\\/www.muca.eu\\\/wp-content\\\/uploads\\\/2022\\\/08\\\/logo_website1.png\",\"contentUrl\":\"https:\\\/\\\/www.muca.eu\\\/wp-content\\\/uploads\\\/2022\\\/08\\\/logo_website1.png\",\"width\":575,\"height\":160,\"caption\":\"MUCA\"},\"image\":{\"@id\":\"https:\\\/\\\/www.muca.eu\\\/#\\\/schema\\\/logo\\\/image\\\/\"}}]}<\/script>\n<!-- \/ Yoast SEO plugin. -->","yoast_head_json":{"title":"Damien Hirst - Spin Paintings \" MUCA","description":"Only from October 23 to January 24: Damien Hirst's diamond skull \"For the Love of God\" in the bunker of the MUCA exhibition in Munich!","robots":{"index":"index","follow":"follow","max-snippet":"max-snippet:-1","max-image-preview":"max-image-preview:large","max-video-preview":"max-video-preview:-1"},"canonical":"https:\/\/www.muca.eu\/en\/damien-hirst-spin-paintings\/","og_locale":"en_GB","og_type":"article","og_title":"Damien Hirst - Spin Paintings &#187; MUCA","og_description":"Nur von Oktober 23 bis Januar 24: Damien Hirsts Diamantensch\u00e4del \"For the Love of God\" im Bunker der MUCA Ausstellung M\u00fcnchen!","og_url":"https:\/\/www.muca.eu\/en\/damien-hirst-spin-paintings\/","og_site_name":"MUCA","article_modified_time":"2024-11-25T08:54:28+00:00","og_image":[{"width":1920,"height":1080,"url":"https:\/\/www.muca.eu\/wp-content\/uploads\/2023\/09\/hirst_bg-1.png","type":"image\/png"}],"twitter_card":"summary_large_image","twitter_misc":{"Estimated reading time":"4 minutes"},"schema":{"@context":"https:\/\/schema.org","@graph":[{"@type":"WebPage","@id":"https:\/\/www.muca.eu\/damien-hirst-spin-paintings\/","url":"https:\/\/www.muca.eu\/damien-hirst-spin-paintings\/","name":"Damien Hirst - Spin Paintings \" MUCA","isPartOf":{"@id":"https:\/\/www.muca.eu\/#website"},"primaryImageOfPage":{"@id":"https:\/\/www.muca.eu\/damien-hirst-spin-paintings\/#primaryimage"},"image":{"@id":"https:\/\/www.muca.eu\/damien-hirst-spin-paintings\/#primaryimage"},"thumbnailUrl":"https:\/\/www.muca.eu\/wp-content\/uploads\/2023\/09\/hirst_bg-1.png","datePublished":"2024-02-06T12:56:36+00:00","dateModified":"2024-11-25T08:54:28+00:00","description":"Only from October 23 to January 24: Damien Hirst's diamond skull \"For the Love of God\" in the bunker of the MUCA exhibition in Munich!","breadcrumb":{"@id":"https:\/\/www.muca.eu\/damien-hirst-spin-paintings\/#breadcrumb"},"inLanguage":"en-GB","potentialAction":[{"@type":"ReadAction","target":["https:\/\/www.muca.eu\/damien-hirst-spin-paintings\/"]}]},{"@type":"ImageObject","inLanguage":"en-GB","@id":"https:\/\/www.muca.eu\/damien-hirst-spin-paintings\/#primaryimage","url":"https:\/\/www.muca.eu\/wp-content\/uploads\/2023\/09\/hirst_bg-1.png","contentUrl":"https:\/\/www.muca.eu\/wp-content\/uploads\/2023\/09\/hirst_bg-1.png","width":1920,"height":1080,"caption":"\u00a9 Damien Hirst and Science Ltd. All rights reserved \/ VG Bild-Kunst, Bonn 2023"},{"@type":"BreadcrumbList","@id":"https:\/\/www.muca.eu\/damien-hirst-spin-paintings\/#breadcrumb","itemListElement":[{"@type":"ListItem","position":1,"name":"Home","item":"https:\/\/www.muca.eu\/"},{"@type":"ListItem","position":2,"name":"Damien Hirst &#8211; Spin Paintings"}]},{"@type":"WebSite","@id":"https:\/\/www.muca.eu\/#website","url":"https:\/\/www.muca.eu\/","name":"MUCA","description":"Museum of Urban and Contemporary Art","publisher":{"@id":"https:\/\/www.muca.eu\/#organization"},"potentialAction":[{"@type":"SearchAction","target":{"@type":"EntryPoint","urlTemplate":"https:\/\/www.muca.eu\/?s={search_term_string}"},"query-input":{"@type":"PropertyValueSpecification","valueRequired":true,"valueName":"search_term_string"}}],"inLanguage":"en-GB"},{"@type":"Organization","@id":"https:\/\/www.muca.eu\/#organization","name":"MUCA","url":"https:\/\/www.muca.eu\/","logo":{"@type":"ImageObject","inLanguage":"en-GB","@id":"https:\/\/www.muca.eu\/#\/schema\/logo\/image\/","url":"https:\/\/www.muca.eu\/wp-content\/uploads\/2022\/08\/logo_website1.png","contentUrl":"https:\/\/www.muca.eu\/wp-content\/uploads\/2022\/08\/logo_website1.png","width":575,"height":160,"caption":"MUCA"},"image":{"@id":"https:\/\/www.muca.eu\/#\/schema\/logo\/image\/"}}]}},"_links":{"self":[{"href":"https:\/\/www.muca.eu\/en\/wp-json\/wp\/v2\/pages\/6235","targetHints":{"allow":["GET"]}}],"collection":[{"href":"https:\/\/www.muca.eu\/en\/wp-json\/wp\/v2\/pages"}],"about":[{"href":"https:\/\/www.muca.eu\/en\/wp-json\/wp\/v2\/types\/page"}],"author":[{"embeddable":true,"href":"https:\/\/www.muca.eu\/en\/wp-json\/wp\/v2\/users\/1"}],"replies":[{"embeddable":true,"href":"https:\/\/www.muca.eu\/en\/wp-json\/wp\/v2\/comments?post=6235"}],"version-history":[{"count":43,"href":"https:\/\/www.muca.eu\/en\/wp-json\/wp\/v2\/pages\/6235\/revisions"}],"predecessor-version":[{"id":8027,"href":"https:\/\/www.muca.eu\/en\/wp-json\/wp\/v2\/pages\/6235\/revisions\/8027"}],"wp:featuredmedia":[{"embeddable":true,"href":"https:\/\/www.muca.eu\/en\/wp-json\/wp\/v2\/media\/4844"}],"wp:attachment":[{"href":"https:\/\/www.muca.eu\/en\/wp-json\/wp\/v2\/media?parent=6235"}],"curies":[{"name":"wp","href":"https:\/\/api.w.org\/{rel}","templated":true}]}}