{"id":5255,"date":"2023-09-29T08:55:56","date_gmt":"2023-09-29T06:55:56","guid":{"rendered":"https:\/\/www.muca.eu\/?page_id=5255"},"modified":"2023-09-29T13:24:48","modified_gmt":"2023-09-29T11:24:48","slug":"for-the-love-of-god","status":"publish","type":"page","link":"https:\/\/www.muca.eu\/en\/for-the-love-of-god\/","title":{"rendered":"Damien Hirst - For the Love of God"},"content":{"rendered":"<div data-elementor-type=\"wp-page\" data-elementor-id=\"5255\" class=\"elementor elementor-5255\" data-elementor-post-type=\"page\">\n\t\t\t\t\t\t<section class=\"elementor-section elementor-top-section elementor-element elementor-element-3376b85 elementor-section-height-min-height elementor-section-boxed elementor-section-height-default elementor-section-items-middle\" data-id=\"3376b85\" data-element_type=\"section\" data-e-type=\"section\">\n\t\t\t\t\t\t<div class=\"elementor-container elementor-column-gap-no\">\n\t\t\t\t\t<div class=\"elementor-column elementor-col-100 elementor-top-column elementor-element elementor-element-cd77dc6\" data-id=\"cd77dc6\" data-element_type=\"column\" data-e-type=\"column\">\n\t\t\t<div class=\"elementor-widget-wrap elementor-element-populated\">\n\t\t\t\t\t\t<div class=\"elementor-element elementor-element-dc07e6b elementor-widget elementor-widget-template\" data-id=\"dc07e6b\" data-element_type=\"widget\" data-e-type=\"widget\" data-widget_type=\"template.default\">\n\t\t\t\t<div class=\"elementor-widget-container\">\n\t\t\t\t\t\t\t<div class=\"elementor-template\">\n\t\t\t\t\t<div data-elementor-type=\"section\" data-elementor-id=\"806\" class=\"elementor elementor-806\" data-elementor-post-type=\"elementor_library\">\n\t\t\t<div class=\"elementor-element elementor-element-e5a417f e-con-full e-flex e-con e-parent\" data-id=\"e5a417f\" data-element_type=\"container\" data-e-type=\"container\">\n\t\t<div class=\"elementor-element elementor-element-b415997 e-con-full e-flex e-con e-child\" data-id=\"b415997\" data-element_type=\"container\" data-e-type=\"container\">\n\t\t\t\t<div class=\"elementor-element elementor-element-b45bf1c elementor-widget elementor-widget-image\" data-id=\"b45bf1c\" data-element_type=\"widget\" data-e-type=\"widget\" data-widget_type=\"image.default\">\n\t\t\t\t<div class=\"elementor-widget-container\">\n\t\t\t\t\t\t\t\t\t\t\t\t<figure class=\"wp-caption\">\n\t\t\t\t\t\t\t\t\t\t<img fetchpriority=\"high\" decoding=\"async\" width=\"1920\" height=\"1080\" src=\"https:\/\/www.muca.eu\/wp-content\/uploads\/2023\/09\/skull_reflection.jpg\" class=\"attachment-2048x2048 size-2048x2048 wp-image-4761\" alt=\"\" srcset=\"https:\/\/www.muca.eu\/wp-content\/uploads\/2023\/09\/skull_reflection.jpg 1920w, https:\/\/www.muca.eu\/wp-content\/uploads\/2023\/09\/skull_reflection-300x169.jpg 300w, https:\/\/www.muca.eu\/wp-content\/uploads\/2023\/09\/skull_reflection-1024x576.jpg 1024w, https:\/\/www.muca.eu\/wp-content\/uploads\/2023\/09\/skull_reflection-768x432.jpg 768w, https:\/\/www.muca.eu\/wp-content\/uploads\/2023\/09\/skull_reflection-1536x864.jpg 1536w, https:\/\/www.muca.eu\/wp-content\/uploads\/2023\/09\/skull_reflection-18x10.jpg 18w\" sizes=\"(max-width: 1920px) 100vw, 1920px\" \/>\t\t\t\t\t\t\t\t\t\t\t<figcaption class=\"widget-image-caption wp-caption-text\">\u00a9 Damien Hirst and Science Ltd. All rights reserved \/ VG Bild-Kunst, Bonn 2023<\/figcaption>\n\t\t\t\t\t\t\t\t\t\t<\/figure>\n\t\t\t\t\t\t\t\t\t<\/div>\n\t\t\t\t<\/div>\n\t\t\t\t<div class=\"elementor-element elementor-element-c479bf8 elementor-widget elementor-widget-heading\" data-id=\"c479bf8\" data-element_type=\"widget\" data-e-type=\"widget\" data-widget_type=\"heading.default\">\n\t\t\t\t<div class=\"elementor-widget-container\">\n\t\t\t\t\t<h1 class=\"elementor-heading-title elementor-size-default\">Damien Hirst - For the Love of God<\/h1>\t\t\t\t<\/div>\n\t\t\t\t<\/div>\n\t\t\t\t<\/div>\n\t\t\t\t<\/div>\n\t\t\t\t<\/div>\n\t\t\t\t<\/div>\n\t\t\t\t\t\t<\/div>\n\t\t\t\t<\/div>\n\t\t\t\t<div class=\"elementor-element elementor-element-2637fb3 elementor-widget elementor-widget-heading\" data-id=\"2637fb3\" data-element_type=\"widget\" data-e-type=\"widget\" data-widget_type=\"heading.default\">\n\t\t\t\t<div class=\"elementor-widget-container\">\n\t\t\t\t\t<h2 class=\"elementor-heading-title elementor-size-default\">from 26 October 2023 to 28 January 2024 at the MUCA Munich exhibition <br>\n<strong>Damien Hirst - The Weight of Things<\/strong><br><\/h2>\t\t\t\t<\/div>\n\t\t\t\t<\/div>\n\t\t\t\t\t<\/div>\n\t\t<\/div>\n\t\t\t\t\t<\/div>\n\t\t<\/section>\n\t\t\t\t<section class=\"elementor-section elementor-top-section elementor-element elementor-element-160e75d elementor-section-boxed elementor-section-height-default elementor-section-height-default\" data-id=\"160e75d\" data-element_type=\"section\" data-e-type=\"section\">\n\t\t\t\t\t\t<div class=\"elementor-container elementor-column-gap-wider\">\n\t\t\t\t\t<div class=\"elementor-column elementor-col-100 elementor-top-column elementor-element elementor-element-f4ada78\" data-id=\"f4ada78\" data-element_type=\"column\" data-e-type=\"column\">\n\t\t\t<div class=\"elementor-widget-wrap elementor-element-populated\">\n\t\t\t\t\t\t<div class=\"elementor-element elementor-element-0f0ea9b elementor-widget elementor-widget-text-editor\" data-id=\"0f0ea9b\" data-element_type=\"widget\" data-e-type=\"widget\" data-widget_type=\"text-editor.default\">\n\t\t\t\t<div class=\"elementor-widget-container\">\n\t\t\t\t\t\t\t\t\t<p><strong>\"For the Love of God\" (2007), Damien Hirst's famous platinum cast of a human skull set with 8,601 diamonds, will be on display as part of the major Hirst survey exhibition <a href=\"https:\/\/www.muca.eu\/en\/exhibition\/damien-hirst-the-weight-of-things\/\" target=\"_blank\" rel=\"noopener\"><em>\"The Weight of Things<\/em><\/a> of the artist will be on display at MUCA Munich from 26 October 2023. The internationally renowned artwork will be exhibited in the MUCA bunker, but for a limited time only until the end of January 2024.<\/strong><\/p>\t\t\t\t\t\t\t\t<\/div>\n\t\t\t\t<\/div>\n\t\t\t\t<section class=\"elementor-section elementor-inner-section elementor-element elementor-element-931ffa0 elementor-section-boxed elementor-section-height-default elementor-section-height-default\" data-id=\"931ffa0\" data-element_type=\"section\" data-e-type=\"section\">\n\t\t\t\t\t\t<div class=\"elementor-container elementor-column-gap-no\">\n\t\t\t\t\t<div class=\"elementor-column elementor-col-100 elementor-inner-column elementor-element elementor-element-8bb8ae7\" data-id=\"8bb8ae7\" data-element_type=\"column\" data-e-type=\"column\">\n\t\t\t<div class=\"elementor-widget-wrap elementor-element-populated\">\n\t\t\t\t\t\t<div class=\"elementor-element elementor-element-443093c elementor-align-center elementor-widget elementor-widget-button\" data-id=\"443093c\" data-element_type=\"widget\" data-e-type=\"widget\" data-widget_type=\"button.default\">\n\t\t\t\t<div class=\"elementor-widget-container\">\n\t\t\t\t\t\t\t\t\t<div class=\"elementor-button-wrapper\">\n\t\t\t\t\t<a class=\"elementor-button elementor-button-link elementor-size-lg\" href=\"https:\/\/shop.muca.eu\/\" target=\"_blank\">\n\t\t\t\t\t\t<span class=\"elementor-button-content-wrapper\">\n\t\t\t\t\t\t<span class=\"elementor-button-icon\">\n\t\t\t\t<i aria-hidden=\"true\" class=\"fas fa-external-link-alt\"><\/i>\t\t\t<\/span>\n\t\t\t\t\t\t\t\t\t<span class=\"elementor-button-text\">Secure tickets quickly now <\/span>\n\t\t\t\t\t<\/span>\n\t\t\t\t\t<\/a>\n\t\t\t\t<\/div>\n\t\t\t\t\t\t\t\t<\/div>\n\t\t\t\t<\/div>\n\t\t\t\t<div class=\"elementor-element elementor-element-098db42 elementor-widget elementor-widget-heading\" data-id=\"098db42\" data-element_type=\"widget\" data-e-type=\"widget\" data-widget_type=\"heading.default\">\n\t\t\t\t<div class=\"elementor-widget-container\">\n\t\t\t\t\t<div class=\"elementor-heading-title elementor-size-default\">Limited until 28 January 2024<\/div>\t\t\t\t<\/div>\n\t\t\t\t<\/div>\n\t\t\t\t\t<\/div>\n\t\t<\/div>\n\t\t\t\t\t<\/div>\n\t\t<\/section>\n\t\t\t\t<div class=\"elementor-element elementor-element-2a43ea6 elementor-widget elementor-widget-text-editor\" data-id=\"2a43ea6\" data-element_type=\"widget\" data-e-type=\"widget\" data-widget_type=\"text-editor.default\">\n\t\t\t\t<div class=\"elementor-widget-container\">\n\t\t\t\t\t\t\t\t\t<p>Since its debut in 2007, \"For the Love of God\" has become one of the most <strong>most acclaimed works of contemporary art<\/strong> have become. The work of art consists of 32 platinum plates set with 8,601 diamonds of VVS to flawless quality, weighing a total of 1,106.18 carats.<\/p><p>The teeth adorning the skull belong to the original skull, which was obtained from a London taxidermist. Extensive bioarchaeological analysis and radiocarbon dating have revealed that the skull dates from between 1720 and 1810, probably from a 35-year-old man of European descent. The artwork is intended to serve as a touching reminder of the transience of human existence and to provoke reflection on the impermanence of life.<\/p><p>The title of the artwork is inspired by the exclamations Hirst's mother made when she heard about his planned new creations. The artist explains that his mother would often exclaim: \"For the love of God, what are you going to do next!<\/p><p>Hirst's childhood memories of the comic \"2000 AD\" influenced the inclusion of a prominent central diamond in the artwork. Specifically, he invokes a character called \"Tharg the Mighty\" whose forehead is adorned with a circular emblem representing a powerful, god-like figure with control over the universe. Hirst felt that the artwork needed an additional element, similar to a third eye that connects to Jesus and his Father.<\/p>\t\t\t\t\t\t\t\t<\/div>\n\t\t\t\t<\/div>\n\t\t\t\t<div class=\"elementor-element elementor-element-580d195 elementor-widget elementor-widget-image\" data-id=\"580d195\" data-element_type=\"widget\" data-e-type=\"widget\" data-widget_type=\"image.default\">\n\t\t\t\t<div class=\"elementor-widget-container\">\n\t\t\t\t\t\t\t\t\t\t\t\t<figure class=\"wp-caption\">\n\t\t\t\t\t\t\t\t\t\t<img decoding=\"async\" width=\"800\" height=\"598\" src=\"https:\/\/www.muca.eu\/wp-content\/uploads\/2023\/09\/Damien-Hirst-with-For-The-Love-of-God-2012-1024x766.jpg\" class=\"attachment-large size-large wp-image-4989\" alt=\"For the Love of God mit Damien Hirst\" srcset=\"https:\/\/www.muca.eu\/wp-content\/uploads\/2023\/09\/Damien-Hirst-with-For-The-Love-of-God-2012-1024x766.jpg 1024w, https:\/\/www.muca.eu\/wp-content\/uploads\/2023\/09\/Damien-Hirst-with-For-The-Love-of-God-2012-300x224.jpg 300w, https:\/\/www.muca.eu\/wp-content\/uploads\/2023\/09\/Damien-Hirst-with-For-The-Love-of-God-2012-768x574.jpg 768w, https:\/\/www.muca.eu\/wp-content\/uploads\/2023\/09\/Damien-Hirst-with-For-The-Love-of-God-2012-1536x1149.jpg 1536w, https:\/\/www.muca.eu\/wp-content\/uploads\/2023\/09\/Damien-Hirst-with-For-The-Love-of-God-2012-2048x1531.jpg 2048w, https:\/\/www.muca.eu\/wp-content\/uploads\/2023\/09\/Damien-Hirst-with-For-The-Love-of-God-2012-16x12.jpg 16w\" sizes=\"(max-width: 800px) 100vw, 800px\" \/>\t\t\t\t\t\t\t\t\t\t\t<figcaption class=\"widget-image-caption wp-caption-text\">\u00a9 Damien Hirst and Science Ltd. All rights reserved \/ VG Bild-Kunst, Bonn 2023<\/figcaption>\n\t\t\t\t\t\t\t\t\t\t<\/figure>\n\t\t\t\t\t\t\t\t\t<\/div>\n\t\t\t\t<\/div>\n\t\t\t\t<div class=\"elementor-element elementor-element-9ff5272 elementor-widget elementor-widget-heading\" data-id=\"9ff5272\" data-element_type=\"widget\" data-e-type=\"widget\" data-widget_type=\"heading.default\">\n\t\t\t\t<div class=\"elementor-widget-container\">\n\t\t\t\t\t<h2 class=\"elementor-heading-title elementor-size-default\">HIRST'S DIAMOND SKULL IN THE MUCA BUNKER MUNICH<\/h2>\t\t\t\t<\/div>\n\t\t\t\t<\/div>\n\t\t\t\t<div class=\"elementor-element elementor-element-5dbd303 elementor-widget elementor-widget-text-editor\" data-id=\"5dbd303\" data-element_type=\"widget\" data-e-type=\"widget\" data-widget_type=\"text-editor.default\">\n\t\t\t\t<div class=\"elementor-widget-container\">\n\t\t\t\t\t\t\t\t\t<p>\"For the Love of God\" embodies Hirst's fascination with diamonds and underlines their inherent uncertainty about their value. The artwork confronts the competitive nature of the diamond industry and the capitalist society that sustains it.<\/p><p><strong>The work will be on display until 28 January 2024 as part of Damien Hirst's first solo exhibition. <a href=\"https:\/\/www.muca.eu\/en\/exhibition\/damien-hirst-the-weight-of-things\/\" target=\"_blank\" rel=\"noopener\"><em>\"The Weight of Things<\/em><\/a> exhibited in Germany in the listed building MUCA Bunker next to the large halls.<\/strong> The dark history of this former World War II bunker provides a dramatic backdrop for Hirst's diamond-studded platinum cast of a skull, offering a rare opportunity to see this iconic 21st-century artwork in a setting that adds an extra layer of fascination and reflection.<\/p>\t\t\t\t\t\t\t\t<\/div>\n\t\t\t\t<\/div>\n\t\t\t\t<section class=\"elementor-section elementor-inner-section elementor-element elementor-element-6605ea6 elementor-section-boxed elementor-section-height-default elementor-section-height-default\" data-id=\"6605ea6\" data-element_type=\"section\" data-e-type=\"section\">\n\t\t\t\t\t\t<div class=\"elementor-container elementor-column-gap-no\">\n\t\t\t\t\t<div class=\"elementor-column elementor-col-100 elementor-inner-column elementor-element elementor-element-35eeb80\" data-id=\"35eeb80\" data-element_type=\"column\" data-e-type=\"column\">\n\t\t\t<div class=\"elementor-widget-wrap elementor-element-populated\">\n\t\t\t\t\t\t<div class=\"elementor-element elementor-element-632a013 elementor-align-center elementor-widget elementor-widget-button\" data-id=\"632a013\" data-element_type=\"widget\" data-e-type=\"widget\" data-widget_type=\"button.default\">\n\t\t\t\t<div class=\"elementor-widget-container\">\n\t\t\t\t\t\t\t\t\t<div class=\"elementor-button-wrapper\">\n\t\t\t\t\t<a class=\"elementor-button elementor-button-link elementor-size-lg\" href=\"https:\/\/shop.muca.eu\/\" target=\"_blank\">\n\t\t\t\t\t\t<span class=\"elementor-button-content-wrapper\">\n\t\t\t\t\t\t<span class=\"elementor-button-icon\">\n\t\t\t\t<i aria-hidden=\"true\" class=\"fas fa-external-link-alt\"><\/i>\t\t\t<\/span>\n\t\t\t\t\t\t\t\t\t<span class=\"elementor-button-text\">Secure tickets quickly now <\/span>\n\t\t\t\t\t<\/span>\n\t\t\t\t\t<\/a>\n\t\t\t\t<\/div>\n\t\t\t\t\t\t\t\t<\/div>\n\t\t\t\t<\/div>\n\t\t\t\t<div class=\"elementor-element elementor-element-ea776f7 elementor-widget elementor-widget-heading\" data-id=\"ea776f7\" data-element_type=\"widget\" data-e-type=\"widget\" data-widget_type=\"heading.default\">\n\t\t\t\t<div class=\"elementor-widget-container\">\n\t\t\t\t\t<div class=\"elementor-heading-title elementor-size-default\">Limited until 28 January 2024<\/div>\t\t\t\t<\/div>\n\t\t\t\t<\/div>\n\t\t\t\t\t<\/div>\n\t\t<\/div>\n\t\t\t\t\t<\/div>\n\t\t<\/section>\n\t\t\t\t\t<\/div>\n\t\t<\/div>\n\t\t\t\t\t<\/div>\n\t\t<\/section>\n\t\t\t\t<\/div>","protected":false},"excerpt":{"rendered":"<p>vom 26. Oktober 2023 bis 28. Januar 2024 in der MUCA M\u00fcnchen Ausstellung Damien Hirst \u2013 The Weight of Things \u201eFor the Love of God\u201c (2007), Damien Hirsts ber\u00fchmter Platinabguss eines menschlichen Sch\u00e4dels, besetzt mit 8.601 Diamanten, wird im Rahmen der gro\u00dfen Hirst-\u00dcberblicksausstellung \u201eThe Weight of Things\u201c des K\u00fcnstlers im MUCA M\u00fcnchen ab 26.Oktober 2023 [&hellip;]<\/p>\n","protected":false},"author":1,"featured_media":4761,"parent":0,"menu_order":0,"comment_status":"closed","ping_status":"closed","template":"elementor_header_footer","meta":{"_acf_changed":false,"inline_featured_image":false,"footnotes":""},"class_list":["post-5255","page","type-page","status-publish","has-post-thumbnail","hentry"],"acf":[],"yoast_head":"<!-- This site is optimized with the Yoast SEO plugin v27.3 - https:\/\/yoast.com\/product\/yoast-seo-wordpress\/ -->\n<title>Damien Hirst - For the Love of God &#187; MUCA<\/title>\n<meta name=\"description\" content=\"Nur von Oktober 23 bis Januar 24: Damien Hirsts Diamantensch\u00e4del &quot;For the Love of God&quot; im Bunker der MUCA Ausstellung M\u00fcnchen!\" \/>\n<meta name=\"robots\" content=\"index, follow, max-snippet:-1, max-image-preview:large, max-video-preview:-1\" \/>\n<link rel=\"canonical\" href=\"https:\/\/www.muca.eu\/en\/for-the-love-of-god\/\" \/>\n<meta property=\"og:locale\" content=\"en_GB\" \/>\n<meta property=\"og:type\" content=\"article\" \/>\n<meta property=\"og:title\" content=\"Damien Hirst - For the Love of God &#187; MUCA\" \/>\n<meta property=\"og:description\" content=\"Nur von Oktober 23 bis Januar 24: Damien Hirsts Diamantensch\u00e4del &quot;For the Love of God&quot; im Bunker der MUCA Ausstellung M\u00fcnchen!\" \/>\n<meta property=\"og:url\" content=\"https:\/\/www.muca.eu\/en\/for-the-love-of-god\/\" \/>\n<meta property=\"og:site_name\" content=\"MUCA\" \/>\n<meta property=\"article:modified_time\" content=\"2023-09-29T11:24:48+00:00\" \/>\n<meta property=\"og:image\" content=\"https:\/\/www.muca.eu\/wp-content\/uploads\/2023\/09\/skull_reflection.jpg\" \/>\n\t<meta property=\"og:image:width\" content=\"1920\" \/>\n\t<meta property=\"og:image:height\" content=\"1080\" \/>\n\t<meta property=\"og:image:type\" content=\"image\/jpeg\" \/>\n<meta name=\"twitter:card\" content=\"summary_large_image\" \/>\n<meta name=\"twitter:label1\" content=\"Estimated reading time\" \/>\n\t<meta name=\"twitter:data1\" content=\"3 minutes\" \/>\n<script type=\"application\/ld+json\" class=\"yoast-schema-graph\">{\"@context\":\"https:\\\/\\\/schema.org\",\"@graph\":[{\"@type\":\"WebPage\",\"@id\":\"https:\\\/\\\/www.muca.eu\\\/for-the-love-of-god\\\/\",\"url\":\"https:\\\/\\\/www.muca.eu\\\/for-the-love-of-god\\\/\",\"name\":\"Damien Hirst - For the Love of God &#187; MUCA\",\"isPartOf\":{\"@id\":\"https:\\\/\\\/www.muca.eu\\\/#website\"},\"primaryImageOfPage\":{\"@id\":\"https:\\\/\\\/www.muca.eu\\\/for-the-love-of-god\\\/#primaryimage\"},\"image\":{\"@id\":\"https:\\\/\\\/www.muca.eu\\\/for-the-love-of-god\\\/#primaryimage\"},\"thumbnailUrl\":\"https:\\\/\\\/www.muca.eu\\\/wp-content\\\/uploads\\\/2023\\\/09\\\/skull_reflection.jpg\",\"datePublished\":\"2023-09-29T06:55:56+00:00\",\"dateModified\":\"2023-09-29T11:24:48+00:00\",\"description\":\"Nur von Oktober 23 bis Januar 24: Damien Hirsts Diamantensch\u00e4del \\\"For the Love of God\\\" im Bunker der MUCA Ausstellung M\u00fcnchen!\",\"breadcrumb\":{\"@id\":\"https:\\\/\\\/www.muca.eu\\\/for-the-love-of-god\\\/#breadcrumb\"},\"inLanguage\":\"en-GB\",\"potentialAction\":[{\"@type\":\"ReadAction\",\"target\":[\"https:\\\/\\\/www.muca.eu\\\/for-the-love-of-god\\\/\"]}]},{\"@type\":\"ImageObject\",\"inLanguage\":\"en-GB\",\"@id\":\"https:\\\/\\\/www.muca.eu\\\/for-the-love-of-god\\\/#primaryimage\",\"url\":\"https:\\\/\\\/www.muca.eu\\\/wp-content\\\/uploads\\\/2023\\\/09\\\/skull_reflection.jpg\",\"contentUrl\":\"https:\\\/\\\/www.muca.eu\\\/wp-content\\\/uploads\\\/2023\\\/09\\\/skull_reflection.jpg\",\"width\":1920,\"height\":1080,\"caption\":\"\u00a9 Damien Hirst and Science Ltd. All rights reserved \\\/ VG Bild-Kunst, Bonn 2023\"},{\"@type\":\"BreadcrumbList\",\"@id\":\"https:\\\/\\\/www.muca.eu\\\/for-the-love-of-god\\\/#breadcrumb\",\"itemListElement\":[{\"@type\":\"ListItem\",\"position\":1,\"name\":\"Home\",\"item\":\"https:\\\/\\\/www.muca.eu\\\/\"},{\"@type\":\"ListItem\",\"position\":2,\"name\":\"Damien Hirst &#8211; For the Love of God\"}]},{\"@type\":\"WebSite\",\"@id\":\"https:\\\/\\\/www.muca.eu\\\/#website\",\"url\":\"https:\\\/\\\/www.muca.eu\\\/\",\"name\":\"MUCA\",\"description\":\"Museum of Urban and Contemporary Art\",\"publisher\":{\"@id\":\"https:\\\/\\\/www.muca.eu\\\/#organization\"},\"potentialAction\":[{\"@type\":\"SearchAction\",\"target\":{\"@type\":\"EntryPoint\",\"urlTemplate\":\"https:\\\/\\\/www.muca.eu\\\/?s={search_term_string}\"},\"query-input\":{\"@type\":\"PropertyValueSpecification\",\"valueRequired\":true,\"valueName\":\"search_term_string\"}}],\"inLanguage\":\"en-GB\"},{\"@type\":\"Organization\",\"@id\":\"https:\\\/\\\/www.muca.eu\\\/#organization\",\"name\":\"MUCA\",\"url\":\"https:\\\/\\\/www.muca.eu\\\/\",\"logo\":{\"@type\":\"ImageObject\",\"inLanguage\":\"en-GB\",\"@id\":\"https:\\\/\\\/www.muca.eu\\\/#\\\/schema\\\/logo\\\/image\\\/\",\"url\":\"https:\\\/\\\/www.muca.eu\\\/wp-content\\\/uploads\\\/2022\\\/08\\\/logo_website1.png\",\"contentUrl\":\"https:\\\/\\\/www.muca.eu\\\/wp-content\\\/uploads\\\/2022\\\/08\\\/logo_website1.png\",\"width\":575,\"height\":160,\"caption\":\"MUCA\"},\"image\":{\"@id\":\"https:\\\/\\\/www.muca.eu\\\/#\\\/schema\\\/logo\\\/image\\\/\"}}]}<\/script>\n<!-- \/ Yoast SEO plugin. -->","yoast_head_json":{"title":"Damien Hirst - For the Love of God \" MUCA","description":"Only from October 23 to January 24: Damien Hirst's diamond skull \"For the Love of God\" in the bunker of the MUCA exhibition in Munich!","robots":{"index":"index","follow":"follow","max-snippet":"max-snippet:-1","max-image-preview":"max-image-preview:large","max-video-preview":"max-video-preview:-1"},"canonical":"https:\/\/www.muca.eu\/en\/for-the-love-of-god\/","og_locale":"en_GB","og_type":"article","og_title":"Damien Hirst - For the Love of God &#187; MUCA","og_description":"Nur von Oktober 23 bis Januar 24: Damien Hirsts Diamantensch\u00e4del \"For the Love of God\" im Bunker der MUCA Ausstellung M\u00fcnchen!","og_url":"https:\/\/www.muca.eu\/en\/for-the-love-of-god\/","og_site_name":"MUCA","article_modified_time":"2023-09-29T11:24:48+00:00","og_image":[{"width":1920,"height":1080,"url":"https:\/\/www.muca.eu\/wp-content\/uploads\/2023\/09\/skull_reflection.jpg","type":"image\/jpeg"}],"twitter_card":"summary_large_image","twitter_misc":{"Estimated reading time":"3 minutes"},"schema":{"@context":"https:\/\/schema.org","@graph":[{"@type":"WebPage","@id":"https:\/\/www.muca.eu\/for-the-love-of-god\/","url":"https:\/\/www.muca.eu\/for-the-love-of-god\/","name":"Damien Hirst - For the Love of God \" MUCA","isPartOf":{"@id":"https:\/\/www.muca.eu\/#website"},"primaryImageOfPage":{"@id":"https:\/\/www.muca.eu\/for-the-love-of-god\/#primaryimage"},"image":{"@id":"https:\/\/www.muca.eu\/for-the-love-of-god\/#primaryimage"},"thumbnailUrl":"https:\/\/www.muca.eu\/wp-content\/uploads\/2023\/09\/skull_reflection.jpg","datePublished":"2023-09-29T06:55:56+00:00","dateModified":"2023-09-29T11:24:48+00:00","description":"Only from October 23 to January 24: Damien Hirst's diamond skull \"For the Love of God\" in the bunker of the MUCA exhibition in Munich!","breadcrumb":{"@id":"https:\/\/www.muca.eu\/for-the-love-of-god\/#breadcrumb"},"inLanguage":"en-GB","potentialAction":[{"@type":"ReadAction","target":["https:\/\/www.muca.eu\/for-the-love-of-god\/"]}]},{"@type":"ImageObject","inLanguage":"en-GB","@id":"https:\/\/www.muca.eu\/for-the-love-of-god\/#primaryimage","url":"https:\/\/www.muca.eu\/wp-content\/uploads\/2023\/09\/skull_reflection.jpg","contentUrl":"https:\/\/www.muca.eu\/wp-content\/uploads\/2023\/09\/skull_reflection.jpg","width":1920,"height":1080,"caption":"\u00a9 Damien Hirst and Science Ltd. All rights reserved \/ VG Bild-Kunst, Bonn 2023"},{"@type":"BreadcrumbList","@id":"https:\/\/www.muca.eu\/for-the-love-of-god\/#breadcrumb","itemListElement":[{"@type":"ListItem","position":1,"name":"Home","item":"https:\/\/www.muca.eu\/"},{"@type":"ListItem","position":2,"name":"Damien Hirst &#8211; For the Love of God"}]},{"@type":"WebSite","@id":"https:\/\/www.muca.eu\/#website","url":"https:\/\/www.muca.eu\/","name":"MUCA","description":"Museum of Urban and Contemporary Art","publisher":{"@id":"https:\/\/www.muca.eu\/#organization"},"potentialAction":[{"@type":"SearchAction","target":{"@type":"EntryPoint","urlTemplate":"https:\/\/www.muca.eu\/?s={search_term_string}"},"query-input":{"@type":"PropertyValueSpecification","valueRequired":true,"valueName":"search_term_string"}}],"inLanguage":"en-GB"},{"@type":"Organization","@id":"https:\/\/www.muca.eu\/#organization","name":"MUCA","url":"https:\/\/www.muca.eu\/","logo":{"@type":"ImageObject","inLanguage":"en-GB","@id":"https:\/\/www.muca.eu\/#\/schema\/logo\/image\/","url":"https:\/\/www.muca.eu\/wp-content\/uploads\/2022\/08\/logo_website1.png","contentUrl":"https:\/\/www.muca.eu\/wp-content\/uploads\/2022\/08\/logo_website1.png","width":575,"height":160,"caption":"MUCA"},"image":{"@id":"https:\/\/www.muca.eu\/#\/schema\/logo\/image\/"}}]}},"_links":{"self":[{"href":"https:\/\/www.muca.eu\/en\/wp-json\/wp\/v2\/pages\/5255","targetHints":{"allow":["GET"]}}],"collection":[{"href":"https:\/\/www.muca.eu\/en\/wp-json\/wp\/v2\/pages"}],"about":[{"href":"https:\/\/www.muca.eu\/en\/wp-json\/wp\/v2\/types\/page"}],"author":[{"embeddable":true,"href":"https:\/\/www.muca.eu\/en\/wp-json\/wp\/v2\/users\/1"}],"replies":[{"embeddable":true,"href":"https:\/\/www.muca.eu\/en\/wp-json\/wp\/v2\/comments?post=5255"}],"version-history":[{"count":39,"href":"https:\/\/www.muca.eu\/en\/wp-json\/wp\/v2\/pages\/5255\/revisions"}],"predecessor-version":[{"id":5324,"href":"https:\/\/www.muca.eu\/en\/wp-json\/wp\/v2\/pages\/5255\/revisions\/5324"}],"wp:featuredmedia":[{"embeddable":true,"href":"https:\/\/www.muca.eu\/en\/wp-json\/wp\/v2\/media\/4761"}],"wp:attachment":[{"href":"https:\/\/www.muca.eu\/en\/wp-json\/wp\/v2\/media?parent=5255"}],"curies":[{"name":"wp","href":"https:\/\/api.w.org\/{rel}","templated":true}]}}