{"id":3053,"date":"2023-02-10T13:00:24","date_gmt":"2023-02-10T12:00:24","guid":{"rendered":"https:\/\/www.muca.eu\/?page_id=3053"},"modified":"2025-12-24T15:19:30","modified_gmt":"2025-12-24T14:19:30","slug":"flowerpower","status":"publish","type":"page","link":"https:\/\/www.muca.eu\/en\/flowerpower\/","title":{"rendered":"Flower Power X MUCA"},"content":{"rendered":"<div data-elementor-type=\"wp-page\" data-elementor-id=\"3053\" class=\"elementor elementor-3053\" data-elementor-post-type=\"page\">\n\t\t\t\t\t\t<section class=\"elementor-section elementor-top-section elementor-element elementor-element-3376b85 elementor-section-height-min-height elementor-section-boxed elementor-section-height-default elementor-section-items-middle\" data-id=\"3376b85\" data-element_type=\"section\" data-e-type=\"section\">\n\t\t\t\t\t\t<div class=\"elementor-container elementor-column-gap-no\">\n\t\t\t\t\t<div class=\"elementor-column elementor-col-100 elementor-top-column elementor-element elementor-element-cd77dc6\" data-id=\"cd77dc6\" data-element_type=\"column\" data-e-type=\"column\">\n\t\t\t<div class=\"elementor-widget-wrap elementor-element-populated\">\n\t\t\t\t\t\t<div class=\"elementor-element elementor-element-dc07e6b elementor-widget elementor-widget-template\" data-id=\"dc07e6b\" data-element_type=\"widget\" data-e-type=\"widget\" data-widget_type=\"template.default\">\n\t\t\t\t<div class=\"elementor-widget-container\">\n\t\t\t\t\t\t\t<div class=\"elementor-template\">\n\t\t\t\t\t<div data-elementor-type=\"section\" data-elementor-id=\"806\" class=\"elementor elementor-806\" data-elementor-post-type=\"elementor_library\">\n\t\t\t<div class=\"elementor-element elementor-element-e5a417f e-con-full e-flex e-con e-parent\" data-id=\"e5a417f\" data-element_type=\"container\" data-e-type=\"container\">\n\t\t<div class=\"elementor-element elementor-element-b415997 e-con-full e-flex e-con e-child\" data-id=\"b415997\" data-element_type=\"container\" data-e-type=\"container\">\n\t\t\t\t<div class=\"elementor-element elementor-element-b45bf1c elementor-widget elementor-widget-image\" data-id=\"b45bf1c\" data-element_type=\"widget\" data-e-type=\"widget\" data-widget_type=\"image.default\">\n\t\t\t\t<div class=\"elementor-widget-container\">\n\t\t\t\t\t\t\t\t\t\t\t\t<figure class=\"wp-caption\">\n\t\t\t\t\t\t\t\t\t\t<img fetchpriority=\"high\" decoding=\"async\" width=\"2048\" height=\"1229\" src=\"https:\/\/www.muca.eu\/wp-content\/uploads\/2023\/07\/Andy-Warhol_Flowers_Ausschnitt_MUCA_Muenchen_Flowers-2048x1229.jpg\" class=\"attachment-2048x2048 size-2048x2048 wp-image-4330\" alt=\"\" srcset=\"https:\/\/www.muca.eu\/wp-content\/uploads\/2023\/07\/Andy-Warhol_Flowers_Ausschnitt_MUCA_Muenchen_Flowers-2048x1229.jpg 2048w, https:\/\/www.muca.eu\/wp-content\/uploads\/2023\/07\/Andy-Warhol_Flowers_Ausschnitt_MUCA_Muenchen_Flowers-300x180.jpg 300w, https:\/\/www.muca.eu\/wp-content\/uploads\/2023\/07\/Andy-Warhol_Flowers_Ausschnitt_MUCA_Muenchen_Flowers-1024x615.jpg 1024w, https:\/\/www.muca.eu\/wp-content\/uploads\/2023\/07\/Andy-Warhol_Flowers_Ausschnitt_MUCA_Muenchen_Flowers-768x461.jpg 768w, https:\/\/www.muca.eu\/wp-content\/uploads\/2023\/07\/Andy-Warhol_Flowers_Ausschnitt_MUCA_Muenchen_Flowers-1536x922.jpg 1536w, https:\/\/www.muca.eu\/wp-content\/uploads\/2023\/07\/Andy-Warhol_Flowers_Ausschnitt_MUCA_Muenchen_Flowers-18x12.jpg 18w\" sizes=\"(max-width: 2048px) 100vw, 2048px\" \/>\t\t\t\t\t\t\t\t\t\t\t<figcaption class=\"widget-image-caption wp-caption-text\"><\/figcaption>\n\t\t\t\t\t\t\t\t\t\t<\/figure>\n\t\t\t\t\t\t\t\t\t<\/div>\n\t\t\t\t<\/div>\n\t\t\t\t<div class=\"elementor-element elementor-element-c479bf8 elementor-widget elementor-widget-heading\" data-id=\"c479bf8\" data-element_type=\"widget\" data-e-type=\"widget\" data-widget_type=\"heading.default\">\n\t\t\t\t<div class=\"elementor-widget-container\">\n\t\t\t\t\t<h1 class=\"elementor-heading-title elementor-size-default\">Flower Power X MUCA<\/h1>\t\t\t\t<\/div>\n\t\t\t\t<\/div>\n\t\t\t\t<\/div>\n\t\t\t\t<\/div>\n\t\t\t\t<\/div>\n\t\t\t\t<\/div>\n\t\t\t\t\t\t<\/div>\n\t\t\t\t<\/div>\n\t\t\t\t\t<\/div>\n\t\t<\/div>\n\t\t\t\t\t<\/div>\n\t\t<\/section>\n\t\t\t\t<section class=\"elementor-section elementor-top-section elementor-element elementor-element-d433e5e elementor-reverse-tablet_extra elementor-reverse-tablet elementor-reverse-mobile_extra elementor-reverse-mobile elementor-section-boxed elementor-section-height-default elementor-section-height-default\" data-id=\"d433e5e\" data-element_type=\"section\" data-e-type=\"section\">\n\t\t\t\t\t\t<div class=\"elementor-container elementor-column-gap-wider\">\n\t\t\t\t\t<div class=\"elementor-column elementor-col-100 elementor-top-column elementor-element elementor-element-926133a\" data-id=\"926133a\" data-element_type=\"column\" data-e-type=\"column\">\n\t\t\t<div class=\"elementor-widget-wrap elementor-element-populated\">\n\t\t\t\t\t\t<div class=\"elementor-element elementor-element-9c21bff elementor-widget elementor-widget-text-editor\" data-id=\"9c21bff\" data-element_type=\"widget\" data-e-type=\"widget\" data-widget_type=\"text-editor.default\">\n\t\t\t\t<div class=\"elementor-widget-container\">\n\t\t\t\t\t\t\t\t\t<p>Within the framework of the <a href=\"https:\/\/www.flowerpowermuc.de\" target=\"_blank\" rel=\"noopener\">Flower Power Festivals<\/a> the MUCA and MURAL offer a joint experience for all the senses, celebrating nature in a culinary and cultural way. At <a href=\"https:\/\/www.muca.eu\/en\/bloom-art-dinner-mural-muca\/\" target=\"_blank\" rel=\"noopener\">B(L)OOM ART DINNER<\/a> the MUCA invites you to enjoy art between the fine-dining courses.<\/p><p>Blossoms and flowers can be found in many of the exhibited works of the current<a href=\"https:\/\/www.muca.eu\/en\/exhibition\/25-jubilaeumsausstellung\/\" target=\"_blank\" rel=\"noopener\"> Anniversary show \"25<\/a> at the MUCA. Sometimes they shine out at visitors in bright colours, sometimes the flower motifs can only be discovered at second glance in the artwork, often charged with political meaning.<\/p><h2>Andy Warhol's \"Flowers\" and Warhol's Portraits with Sunflower<\/h2><p>With its bright, eye-catching colours, as were popular on contemporary billboards and in print advertising, shows <a href=\"https:\/\/www.muca.eu\/en\/artists\/andy-warhol-ausstellung-muenchen\/\" target=\"_blank\" rel=\"noopener\">Andy Warhols<\/a> work \"Flowers\" (1964), the primary endeavour of Pop Art to imitate the aesthetic techniques and means of the commercial mass media developing in the 1960s. Warhol's \"Flowers\" is another commentary on the relationship between singularity and homogenisation, a confrontation of high culture versus consumer culture. The singularity of real flowers, each unique in its proportions and place in nature, is - at first glance - completely obliterated by the print medium's seemingly miraculous ability to reproduce them accurately.<\/p><p>Throughout his career, Warhol consciously avoided the possibility of screen printing for exact reproduction, experimenting impulsively with his colour combinations. From this playful aspect, his screenprint series are executions in varied repetition and in testing the limits of similarity and difference. In this sense, the Flowers series is a sophisticated meditation on the tension between the reproductive aspirations of nature and those of popular culture in post-war society.<\/p><p>This tension is similarly evident in the late Warhol portraits (on view at MUCA alongside \"Flowers\") by renowned Daily Express photographer Steve Wood: taken in 1981 in the seaside resort of Deauville, they are a compelling testament to the artist's shy character. The photographs compare the artist's famously enigmatic personality to the sunflower he holds in his hand: unique, fragile and in danger of dissolving in Woods' repetitive photographs, which mimic the subtle variations of Warhol's own prints.<\/p><p>Warhol is photographed in the portraits in the special French light that has already inspired many Impressionists to create masterpieces. The sunflower can be seen as an allusion to Van Gogh. On the other hand, the yellow blossom is also considered a symbol of the hippie movement and flower power era at the end of the 1960s.<\/p><h2>Carnations and roses as symbols of the revolution<\/h2><p>Alongside the sunflowers and flower wreaths of the hippie movement, the most diverse types of flowers have become symbols of political movements, revolutions and the rebellion against systems. During the \"Carnation Revolution\" in Portugal in 1974, women put red carnations in the barrels of the soldiers of the military coup against the authoritarian dictatorship as a greeting. Captured by photographers, the image of the carnation in the rifle became an international symbol of peaceful overthrow and the socialist workers' movement.<\/p><p>The motif of a flower in a gun barrel or in a baton also appears in the work of the contemporary US artist <a href=\"https:\/\/www.muca.eu\/en\/artists\/shepard-fairey-ausstellung-muenchen\/\" target=\"_blank\" rel=\"noopener\">Shepard Fairey<\/a> recurs again and again in his works. Fairey's prints are a painterly essay on the representation and dissemination of power. In his works, he deals with the emergence of class and cultural identity, the power of political and religious ideology, state-sanctioned systems of secrecy and surveillance, the real danger of authoritarianism and the possibility of resistance.<\/p><p>The silkscreen collage \"Revolutionary Woman\" from 2007 shows a woman with a headscarf holding a rifle with a rose in the barrel in her left hand. She is \"armed\" with a paintbrush; in her ammunition belt you can see more paintbrushes. Fairey's intention is to draw attention to the important role of women in protests in the Islamic world. \"Revolutionary Woman\" is currently on loan from the MUCA to the exhibition <a href=\"https:\/\/www.kunsthalle-muc.de\/flowers-forever\/\" target=\"_blank\" rel=\"noopener\">\"Flowers Forever - Flowers in Art and Culture\"<\/a> on show at the Kunsthalle M\u00fcnchen.<\/p><h2>Shepard Fairey's \"Obey\" Lotus Flower and Banksy's Bouquet Weapon<\/h2><p>In the thirty works by Shepard Fairey (aka Obey) in the current MUCA exhibition \"25 years\", another floral motif, the lotus flower, can be discovered.<\/p><p>The lotus flower has a millennia-old history; in ancient Egypt it was a symbol of resurrection and regeneration. Today it is considered a sacred flower that radiates purity and light. Shepard Fairey dedicated the series of works \"Obey Lotus Ornament\" to this beautiful plant. Unusual for Fairey's work, this print is not intended to convey a purely socio-political statement, but to emphasise the beauty and radiance of the blossom. The British street artist has used an entire bouquet of flowers in his work. <a href=\"https:\/\/www.muca.eu\/en\/artists\/banksy-ausstellung-muenchen\/\" target=\"_blank\" rel=\"noopener\">Banksy<\/a> as a symbol of peace: In his work \"Love is in the Air\", currently on show at MUCA, a hooded demonstrator throws flowers instead of stones.<\/p><p>Join the exciting search for blossoms and flowers in the MUCA anniversary exhibition and learn more about their symbolism and meaning in contemporary art.<\/p>\t\t\t\t\t\t\t\t<\/div>\n\t\t\t\t<\/div>\n\t\t\t\t<div class=\"elementor-element elementor-element-942fd94 elementor-widget elementor-widget-button\" data-id=\"942fd94\" data-element_type=\"widget\" data-e-type=\"widget\" data-widget_type=\"button.default\">\n\t\t\t\t<div class=\"elementor-widget-container\">\n\t\t\t\t\t\t\t\t\t<div class=\"elementor-button-wrapper\">\n\t\t\t\t\t<a class=\"elementor-button elementor-button-link elementor-size-sm\" href=\"https:\/\/muralrestaurant.de\/shop\/\">\n\t\t\t\t\t\t<span class=\"elementor-button-content-wrapper\">\n\t\t\t\t\t\t\t\t\t<span class=\"elementor-button-text\">Book the guided tour as part of the B(L)OOM Art Dinner right here<\/span>\n\t\t\t\t\t<\/span>\n\t\t\t\t\t<\/a>\n\t\t\t\t<\/div>\n\t\t\t\t\t\t\t\t<\/div>\n\t\t\t\t<\/div>\n\t\t\t\t\t<\/div>\n\t\t<\/div>\n\t\t\t\t\t<\/div>\n\t\t<\/section>\n\t\t\t\t<\/div>","protected":false},"excerpt":{"rendered":"<p>Im Rahmen des Flower Power Festivals bieten das MUCA und MURAL ein gemeinsames Erlebnis f\u00fcr alle Sinne an, bei der die Natur kulinarisch und kulturell gefeiert werden soll. Beim B(L)OOM ART DINNER l\u00e4dt das MUCA zwischen den Fine-Dining-G\u00e4ngen zum Kunstgenuss ein. Bl\u00fcten und Blumen findet sich in vielen der ausgestellten Werke der aktuellen Jubil\u00e4umsshow &#8222;25&#8220; [&hellip;]<\/p>\n","protected":false},"author":1,"featured_media":4330,"parent":0,"menu_order":0,"comment_status":"closed","ping_status":"closed","template":"elementor_header_footer","meta":{"_acf_changed":false,"inline_featured_image":false,"footnotes":""},"class_list":["post-3053","page","type-page","status-publish","has-post-thumbnail","hentry"],"acf":[],"yoast_head":"<!-- This site is optimized with the Yoast SEO plugin v27.3 - https:\/\/yoast.com\/product\/yoast-seo-wordpress\/ -->\n<title>Flower Power X MUCA &#187; MUCA<\/title>\n<meta name=\"description\" content=\"Was ist die Symbolik von Bl\u00fcten in der zeitgen\u00f6ssischen Kunst? Erfahren Sie mehr beim gemeinsamen Flower Power-Event des MUCA und MURAL.\" \/>\n<meta name=\"robots\" content=\"index, follow, max-snippet:-1, max-image-preview:large, max-video-preview:-1\" \/>\n<link rel=\"canonical\" href=\"https:\/\/www.muca.eu\/en\/flowerpower\/\" \/>\n<meta property=\"og:locale\" content=\"en_GB\" \/>\n<meta property=\"og:type\" content=\"article\" \/>\n<meta property=\"og:title\" content=\"Flower Power X MUCA &#187; MUCA\" \/>\n<meta property=\"og:description\" content=\"Was ist die Symbolik von Bl\u00fcten in der zeitgen\u00f6ssischen Kunst? Erfahren Sie mehr beim gemeinsamen Flower Power-Event des MUCA und MURAL.\" \/>\n<meta property=\"og:url\" content=\"https:\/\/www.muca.eu\/en\/flowerpower\/\" \/>\n<meta property=\"og:site_name\" content=\"MUCA\" \/>\n<meta property=\"article:modified_time\" content=\"2025-12-24T14:19:30+00:00\" \/>\n<meta property=\"og:image\" content=\"https:\/\/www.muca.eu\/wp-content\/uploads\/2023\/07\/Andy-Warhol_Flowers_Ausschnitt_MUCA_Muenchen_Flowers-scaled.jpg\" \/>\n\t<meta property=\"og:image:width\" content=\"2560\" \/>\n\t<meta property=\"og:image:height\" content=\"1537\" \/>\n\t<meta property=\"og:image:type\" content=\"image\/jpeg\" \/>\n<meta name=\"twitter:card\" content=\"summary_large_image\" \/>\n<meta name=\"twitter:label1\" content=\"Estimated reading time\" \/>\n\t<meta name=\"twitter:data1\" content=\"5 minutes\" \/>\n<script type=\"application\/ld+json\" class=\"yoast-schema-graph\">{\"@context\":\"https:\\\/\\\/schema.org\",\"@graph\":[{\"@type\":\"WebPage\",\"@id\":\"https:\\\/\\\/www.muca.eu\\\/flowerpower\\\/\",\"url\":\"https:\\\/\\\/www.muca.eu\\\/flowerpower\\\/\",\"name\":\"Flower Power X MUCA &#187; MUCA\",\"isPartOf\":{\"@id\":\"https:\\\/\\\/www.muca.eu\\\/#website\"},\"primaryImageOfPage\":{\"@id\":\"https:\\\/\\\/www.muca.eu\\\/flowerpower\\\/#primaryimage\"},\"image\":{\"@id\":\"https:\\\/\\\/www.muca.eu\\\/flowerpower\\\/#primaryimage\"},\"thumbnailUrl\":\"https:\\\/\\\/www.muca.eu\\\/wp-content\\\/uploads\\\/2023\\\/07\\\/Andy-Warhol_Flowers_Ausschnitt_MUCA_Muenchen_Flowers-scaled.jpg\",\"datePublished\":\"2023-02-10T12:00:24+00:00\",\"dateModified\":\"2025-12-24T14:19:30+00:00\",\"description\":\"Was ist die Symbolik von Bl\u00fcten in der zeitgen\u00f6ssischen Kunst? Erfahren Sie mehr beim gemeinsamen Flower Power-Event des MUCA und MURAL.\",\"breadcrumb\":{\"@id\":\"https:\\\/\\\/www.muca.eu\\\/flowerpower\\\/#breadcrumb\"},\"inLanguage\":\"en-GB\",\"potentialAction\":[{\"@type\":\"ReadAction\",\"target\":[\"https:\\\/\\\/www.muca.eu\\\/flowerpower\\\/\"]}]},{\"@type\":\"ImageObject\",\"inLanguage\":\"en-GB\",\"@id\":\"https:\\\/\\\/www.muca.eu\\\/flowerpower\\\/#primaryimage\",\"url\":\"https:\\\/\\\/www.muca.eu\\\/wp-content\\\/uploads\\\/2023\\\/07\\\/Andy-Warhol_Flowers_Ausschnitt_MUCA_Muenchen_Flowers-scaled.jpg\",\"contentUrl\":\"https:\\\/\\\/www.muca.eu\\\/wp-content\\\/uploads\\\/2023\\\/07\\\/Andy-Warhol_Flowers_Ausschnitt_MUCA_Muenchen_Flowers-scaled.jpg\",\"width\":2560,\"height\":1537},{\"@type\":\"BreadcrumbList\",\"@id\":\"https:\\\/\\\/www.muca.eu\\\/flowerpower\\\/#breadcrumb\",\"itemListElement\":[{\"@type\":\"ListItem\",\"position\":1,\"name\":\"Home\",\"item\":\"https:\\\/\\\/www.muca.eu\\\/\"},{\"@type\":\"ListItem\",\"position\":2,\"name\":\"Flower Power X MUCA\"}]},{\"@type\":\"WebSite\",\"@id\":\"https:\\\/\\\/www.muca.eu\\\/#website\",\"url\":\"https:\\\/\\\/www.muca.eu\\\/\",\"name\":\"MUCA\",\"description\":\"Museum of Urban and Contemporary Art\",\"publisher\":{\"@id\":\"https:\\\/\\\/www.muca.eu\\\/#organization\"},\"potentialAction\":[{\"@type\":\"SearchAction\",\"target\":{\"@type\":\"EntryPoint\",\"urlTemplate\":\"https:\\\/\\\/www.muca.eu\\\/?s={search_term_string}\"},\"query-input\":{\"@type\":\"PropertyValueSpecification\",\"valueRequired\":true,\"valueName\":\"search_term_string\"}}],\"inLanguage\":\"en-GB\"},{\"@type\":\"Organization\",\"@id\":\"https:\\\/\\\/www.muca.eu\\\/#organization\",\"name\":\"MUCA\",\"url\":\"https:\\\/\\\/www.muca.eu\\\/\",\"logo\":{\"@type\":\"ImageObject\",\"inLanguage\":\"en-GB\",\"@id\":\"https:\\\/\\\/www.muca.eu\\\/#\\\/schema\\\/logo\\\/image\\\/\",\"url\":\"https:\\\/\\\/www.muca.eu\\\/wp-content\\\/uploads\\\/2022\\\/08\\\/logo_website1.png\",\"contentUrl\":\"https:\\\/\\\/www.muca.eu\\\/wp-content\\\/uploads\\\/2022\\\/08\\\/logo_website1.png\",\"width\":575,\"height\":160,\"caption\":\"MUCA\"},\"image\":{\"@id\":\"https:\\\/\\\/www.muca.eu\\\/#\\\/schema\\\/logo\\\/image\\\/\"}}]}<\/script>\n<!-- \/ Yoast SEO plugin. -->","yoast_head_json":{"title":"Flower Power X MUCA \" MUCA","description":"What is the symbolism of flowers in contemporary art? Find out more at the joint Flower Power event organised by MUCA and MURAL.","robots":{"index":"index","follow":"follow","max-snippet":"max-snippet:-1","max-image-preview":"max-image-preview:large","max-video-preview":"max-video-preview:-1"},"canonical":"https:\/\/www.muca.eu\/en\/flowerpower\/","og_locale":"en_GB","og_type":"article","og_title":"Flower Power X MUCA &#187; MUCA","og_description":"Was ist die Symbolik von Bl\u00fcten in der zeitgen\u00f6ssischen Kunst? Erfahren Sie mehr beim gemeinsamen Flower Power-Event des MUCA und MURAL.","og_url":"https:\/\/www.muca.eu\/en\/flowerpower\/","og_site_name":"MUCA","article_modified_time":"2025-12-24T14:19:30+00:00","og_image":[{"width":2560,"height":1537,"url":"https:\/\/www.muca.eu\/wp-content\/uploads\/2023\/07\/Andy-Warhol_Flowers_Ausschnitt_MUCA_Muenchen_Flowers-scaled.jpg","type":"image\/jpeg"}],"twitter_card":"summary_large_image","twitter_misc":{"Estimated reading time":"5 minutes"},"schema":{"@context":"https:\/\/schema.org","@graph":[{"@type":"WebPage","@id":"https:\/\/www.muca.eu\/flowerpower\/","url":"https:\/\/www.muca.eu\/flowerpower\/","name":"Flower Power X MUCA \" MUCA","isPartOf":{"@id":"https:\/\/www.muca.eu\/#website"},"primaryImageOfPage":{"@id":"https:\/\/www.muca.eu\/flowerpower\/#primaryimage"},"image":{"@id":"https:\/\/www.muca.eu\/flowerpower\/#primaryimage"},"thumbnailUrl":"https:\/\/www.muca.eu\/wp-content\/uploads\/2023\/07\/Andy-Warhol_Flowers_Ausschnitt_MUCA_Muenchen_Flowers-scaled.jpg","datePublished":"2023-02-10T12:00:24+00:00","dateModified":"2025-12-24T14:19:30+00:00","description":"What is the symbolism of flowers in contemporary art? Find out more at the joint Flower Power event organised by MUCA and MURAL.","breadcrumb":{"@id":"https:\/\/www.muca.eu\/flowerpower\/#breadcrumb"},"inLanguage":"en-GB","potentialAction":[{"@type":"ReadAction","target":["https:\/\/www.muca.eu\/flowerpower\/"]}]},{"@type":"ImageObject","inLanguage":"en-GB","@id":"https:\/\/www.muca.eu\/flowerpower\/#primaryimage","url":"https:\/\/www.muca.eu\/wp-content\/uploads\/2023\/07\/Andy-Warhol_Flowers_Ausschnitt_MUCA_Muenchen_Flowers-scaled.jpg","contentUrl":"https:\/\/www.muca.eu\/wp-content\/uploads\/2023\/07\/Andy-Warhol_Flowers_Ausschnitt_MUCA_Muenchen_Flowers-scaled.jpg","width":2560,"height":1537},{"@type":"BreadcrumbList","@id":"https:\/\/www.muca.eu\/flowerpower\/#breadcrumb","itemListElement":[{"@type":"ListItem","position":1,"name":"Home","item":"https:\/\/www.muca.eu\/"},{"@type":"ListItem","position":2,"name":"Flower Power X MUCA"}]},{"@type":"WebSite","@id":"https:\/\/www.muca.eu\/#website","url":"https:\/\/www.muca.eu\/","name":"MUCA","description":"Museum of Urban and Contemporary Art","publisher":{"@id":"https:\/\/www.muca.eu\/#organization"},"potentialAction":[{"@type":"SearchAction","target":{"@type":"EntryPoint","urlTemplate":"https:\/\/www.muca.eu\/?s={search_term_string}"},"query-input":{"@type":"PropertyValueSpecification","valueRequired":true,"valueName":"search_term_string"}}],"inLanguage":"en-GB"},{"@type":"Organization","@id":"https:\/\/www.muca.eu\/#organization","name":"MUCA","url":"https:\/\/www.muca.eu\/","logo":{"@type":"ImageObject","inLanguage":"en-GB","@id":"https:\/\/www.muca.eu\/#\/schema\/logo\/image\/","url":"https:\/\/www.muca.eu\/wp-content\/uploads\/2022\/08\/logo_website1.png","contentUrl":"https:\/\/www.muca.eu\/wp-content\/uploads\/2022\/08\/logo_website1.png","width":575,"height":160,"caption":"MUCA"},"image":{"@id":"https:\/\/www.muca.eu\/#\/schema\/logo\/image\/"}}]}},"_links":{"self":[{"href":"https:\/\/www.muca.eu\/en\/wp-json\/wp\/v2\/pages\/3053","targetHints":{"allow":["GET"]}}],"collection":[{"href":"https:\/\/www.muca.eu\/en\/wp-json\/wp\/v2\/pages"}],"about":[{"href":"https:\/\/www.muca.eu\/en\/wp-json\/wp\/v2\/types\/page"}],"author":[{"embeddable":true,"href":"https:\/\/www.muca.eu\/en\/wp-json\/wp\/v2\/users\/1"}],"replies":[{"embeddable":true,"href":"https:\/\/www.muca.eu\/en\/wp-json\/wp\/v2\/comments?post=3053"}],"version-history":[{"count":31,"href":"https:\/\/www.muca.eu\/en\/wp-json\/wp\/v2\/pages\/3053\/revisions"}],"predecessor-version":[{"id":10135,"href":"https:\/\/www.muca.eu\/en\/wp-json\/wp\/v2\/pages\/3053\/revisions\/10135"}],"wp:featuredmedia":[{"embeddable":true,"href":"https:\/\/www.muca.eu\/en\/wp-json\/wp\/v2\/media\/4330"}],"wp:attachment":[{"href":"https:\/\/www.muca.eu\/en\/wp-json\/wp\/v2\/media?parent=3053"}],"curies":[{"name":"wp","href":"https:\/\/api.w.org\/{rel}","templated":true}]}}